{"id":104,"date":"2016-05-29T13:53:40","date_gmt":"2016-05-29T11:53:40","guid":{"rendered":"http:\/\/arco.org\/?page_id=104"},"modified":"2016-06-01T10:08:24","modified_gmt":"2016-06-01T08:08:24","slug":"palazzo-di-piazza","status":"publish","type":"page","link":"https:\/\/www.arco.org\/?page_id=104","title":{"rendered":"Il Palazzo di Piazza ora Municipio di Arco"},"content":{"rendered":"<p>L\u2019attuale Municipio di Arco era un tempo residenza dei conti d\u2019Arco. Il Castello di Arco cess\u00f2 infatti di essere, verso il XVI secolo, la residenza dei conti d\u2019Arco. Essi preferirono, di norma, abitare nei comodi palazzi collocati tutt\u2019attorno alla piazza principale del borgo. Nell\u2019antico maniero rimanevano una piccola guarnigione, alcuni artigiani al servizio dei conti, la servit\u00f9 ed, in qualche occasione, i \u201cbravi\u201d di cui i conti si circondavano.<\/p>\n<p><img loading=\"lazy\" class=\"alignnone size-full wp-image-491\" src=\"http:\/\/arco.org\/wp-content\/uploads\/2016\/05\/stemmadipinto.jpg\" alt=\"stemmadipinto\" width=\"143\" height=\"162\" \/> <img loading=\"lazy\" class=\"alignnone size-full wp-image-490\" src=\"http:\/\/arco.org\/wp-content\/uploads\/2016\/05\/portaleprincipale.jpg\" alt=\"portaleprincipale\" width=\"144\" height=\"191\" \/> <img loading=\"lazy\" class=\"alignnone size-full wp-image-489\" src=\"http:\/\/arco.org\/wp-content\/uploads\/2016\/05\/portaleaccesso.jpg\" alt=\"portaleaccesso\" width=\"141\" height=\"178\" \/> <img loading=\"lazy\" class=\"alignnone size-full wp-image-492\" src=\"http:\/\/arco.org\/wp-content\/uploads\/2016\/05\/stemmapitro.jpg\" alt=\"stemmapitro\" width=\"143\" height=\"162\" \/> <img loading=\"lazy\" class=\"alignnone size-full wp-image-488\" src=\"http:\/\/arco.org\/wp-content\/uploads\/2016\/05\/palazzodipiazza.jpg\" alt=\"palazzodipiazza\" width=\"299\" height=\"191\" \/><\/p>\n<p>La prima notizia certa riguardante questo palazzo risale al 1582; nella gi\u00e0 ricordata stima che i commissari tirolesi compiono dei beni dei d\u2019Arco (esautorati di tutti i diritti sul loro antico feudo) troviamo il Palazzo di Piazza. Nel Seicento venne ventilata l\u2019ipotesi che tale palazzo diventasse casa della comunit\u00e0, in quanto la sede antica dove si riuniva la Rappresentanza comunale doveva essere abbattuta per far posto alla maestosa chiesa collegiata. Ma la comunit\u00e0 manifest\u00f2 il suo dissenso e si acquist\u00f2 la casa adiacente al palazzo. In un documento del 1738 si ritrova menzione del Palazzo di Piazza; in una spartizione fra due conti d\u2019Arco, fratelli, venne attribuito al palazzo un valore economico modesto <em>\u201cattesoch\u00e9 del tutto ritrovasi rovinoso, che conviene rifabricarlo nuovamente dalla sua pianta\u201d<\/em>. E questo deve essere avvenuto in quanto la sua struttura attuale \u00e8 di chiaro stampo settecentesco.<\/p>\n<p>Nel palazzo visse, fino alla morte dell\u2019ultima\u00a0 erede, la\u00a0 famiglia\u00a0 dei\u00a0 conti\u00a0d\u2019Arco residenti e governatori nel borgo; era circa la met\u00e0 dell\u2019Ottocento. In seguito il palazzo divent\u00f2 propriet\u00e0 del Comune di Arco che lo adib\u00ec a diverse funzioni, collegandolo con l\u2019edificio a Nord, gi\u00e0 casa comunale. Ora \u00e8 sede del Municipio e sono previsti importanti interventi di restauro che dovrebbero rendere l\u2019uso del palazzo assai pi\u00f9 funzionale.Di particolare interesse \u00e8 il portale principale, sormontato dalla versione pi\u00f9 recente dello stemma di casa d\u2019Arco, rispondente al tentativo, storicamente forzato, di attribuire ai d\u2019Arco origini di grandissima nobilt\u00e0 (Carlo Martello?!). Lo stemma infatti \u00e8 sormontato da due arcieri; uno di essi rappresenta un \u201cMoro\u201d e ricorda quindi la sconfitta inferta agli arabi a Poitiers ad opera del capostipite della dinastia carolingia.<\/p>\n<p>Meno vistoso, ma di maggior valore storico, \u00e8 il portale attraverso cui si accede alla scalinata interna al Palazzo. Un documento del 1770 attesta la presenza di questo portale nel castello di Arco prima che esso venisse gravemente danneggiato dalle truppe del generale francese Vendome (estate 1703).<\/p>\n<p>Pregevoli sono i mascheroni alle finestre e di importanza storica sono i reperti collocati nel cortile interno; fra essi alcune antichissime lapidi con iscrizioni, poste un tempo alla Porta del Ponte ed alla Porta di S. Pietro.<\/p>\n","protected":false},"excerpt":{"rendered":"<p>L\u2019attuale Municipio di Arco era un tempo residenza dei conti d\u2019Arco. Il Castello di Arco cess\u00f2 infatti di essere, verso il XVI secolo, la residenza dei conti d\u2019Arco. Essi preferirono, di norma, abitare nei comodi palazzi collocati tutt\u2019attorno alla piazza principale del borgo. Nell\u2019antico maniero rimanevano una piccola guarnigione, alcuni artigiani al servizio dei conti, &hellip; <a href=\"https:\/\/www.arco.org\/?page_id=104\" class=\"more-link\">Continua a leggere <span class=\"screen-reader-text\">Il Palazzo di Piazza ora Municipio di Arco<\/span><\/a><\/p>\n","protected":false},"author":1,"featured_media":0,"parent":98,"menu_order":0,"comment_status":"closed","ping_status":"closed","template":"","meta":[],"_links":{"self":[{"href":"https:\/\/www.arco.org\/index.php?rest_route=\/wp\/v2\/pages\/104"}],"collection":[{"href":"https:\/\/www.arco.org\/index.php?rest_route=\/wp\/v2\/pages"}],"about":[{"href":"https:\/\/www.arco.org\/index.php?rest_route=\/wp\/v2\/types\/page"}],"author":[{"embeddable":true,"href":"https:\/\/www.arco.org\/index.php?rest_route=\/wp\/v2\/users\/1"}],"replies":[{"embeddable":true,"href":"https:\/\/www.arco.org\/index.php?rest_route=%2Fwp%2Fv2%2Fcomments&post=104"}],"version-history":[{"count":7,"href":"https:\/\/www.arco.org\/index.php?rest_route=\/wp\/v2\/pages\/104\/revisions"}],"predecessor-version":[{"id":613,"href":"https:\/\/www.arco.org\/index.php?rest_route=\/wp\/v2\/pages\/104\/revisions\/613"}],"up":[{"embeddable":true,"href":"https:\/\/www.arco.org\/index.php?rest_route=\/wp\/v2\/pages\/98"}],"wp:attachment":[{"href":"https:\/\/www.arco.org\/index.php?rest_route=%2Fwp%2Fv2%2Fmedia&parent=104"}],"curies":[{"name":"wp","href":"https:\/\/api.w.org\/{rel}","templated":true}]}}