{"id":1142,"date":"2016-06-08T09:38:03","date_gmt":"2016-06-08T07:38:03","guid":{"rendered":"http:\/\/arco.org\/?page_id=1142"},"modified":"2026-02-20T21:07:48","modified_gmt":"2026-02-20T20:07:48","slug":"666b-loc-scaletta-vallestre-malga-stivo","status":"publish","type":"page","link":"https:\/\/www.arco.org\/?page_id=1142","title":{"rendered":"666B del Piuma Loc. Scaletta Vallestr\u00e8- Malga Stivo"},"content":{"rendered":"<p>Numero: 666B del Piuma<br \/>Gruppo montuoso: Stivo<br \/>Lunghezza: 2.1 Km<br \/>Dislivello: 251 m<br \/>Tempo di salita: 1 ore e 15 minuti<br \/>Tempo di discesa: 1 ore e 0 minuti<br \/>Difficolt\u00e0: E: Escursionistico.<\/p>\n<p><strong><span style=\"color: #ff0000;\">Tutto il sentiero \u00e8 vietato alle MTB<\/span><\/strong><\/p>\n<p>Prestare attenzione in caso di nebbia o di pioggia sul &#8220;senter dei mughi&#8221; perch\u00e8 si pu\u00f2 scivolare.<\/p>\n<p>ITINERARIO<br \/>Scaletta, Mandrie Alte bivio 666, pressi malga Stivo.<\/p>\n<table style=\"height: 214px;\" width=\"875\">\n<tbody>\n<tr>\n<td width=\"112\"><strong><span style=\"color: #000000;\">Localit\u00e0<\/span><\/strong><\/td>\n<td width=\"57\"><strong><span style=\"color: #000000;\">Altitudine<\/span><\/strong><\/td>\n<td width=\"57\"><strong><span style=\"color: #000000;\">Distanza<\/span><\/strong><\/td>\n<td width=\"71\"><strong><span style=\"color: #000000;\">Tempo salita<\/span><\/strong><\/td>\n<td width=\"106\"><strong><span style=\"color: #000000;\">Tempo discesa<\/span><\/strong><\/td>\n<\/tr>\n<tr>\n<td width=\"112\"><strong><span style=\"color: #000000;\">Scaletta bivio 666<\/span><\/strong><\/td>\n<td width=\"57\"><strong><span style=\"color: #000000;\">Mt. 1.534<\/span><\/strong><\/td>\n<td width=\"57\"><strong><span style=\"color: #000000;\">0<\/span><\/strong><\/td>\n<td width=\"71\"><strong><span style=\"color: #000000;\">0<\/span><\/strong><\/td>\n<td width=\"106\"><strong><span style=\"color: #000000;\">Ore 0.30<\/span><\/strong><\/td>\n<\/tr>\n<tr>\n<td width=\"112\"><strong><span style=\"color: #000000;\">Mandrie Alte<\/span><\/strong><\/td>\n<td width=\"57\"><strong><span style=\"color: #000000;\">Mt. 1.785<\/span><\/strong><\/td>\n<td width=\"57\"><strong><span style=\"color: #000000;\">Mt. 1.000<\/span><\/strong><\/td>\n<td width=\"71\"><strong><span style=\"color: #000000;\">Ore 0.45<\/span><\/strong><\/td>\n<td width=\"106\"><strong><span style=\"color: #000000;\">Ore 0.30<\/span><\/strong><\/td>\n<\/tr>\n<tr>\n<td width=\"112\"><strong><span style=\"color: #000000;\">Pressi Malga Stivo bivio 668<\/span><\/strong><\/td>\n<td width=\"57\"><strong><span style=\"color: #000000;\">Mt. 1.748<\/span><\/strong><\/td>\n<td width=\"57\"><strong><span style=\"color: #000000;\">Mt. 1.100<\/span><\/strong><\/td>\n<td width=\"71\"><strong><span style=\"color: #000000;\">Ore 0.30<\/span><\/strong><\/td>\n<td width=\"106\"><strong><span style=\"color: #000000;\">0<\/span><\/strong><\/td>\n<\/tr>\n<tr>\n<td width=\"112\"><strong><span style=\"color: #000000;\">Totale<\/span><\/strong><\/td>\n<td width=\"57\"><strong><span style=\"color: #000000;\">\u00a0<\/span><\/strong><\/td>\n<td width=\"57\"><strong><span style=\"color: #000000;\">Mt. 2.100<\/span><\/strong><\/td>\n<td width=\"71\"><strong><span style=\"color: #000000;\">Ore 1.15<\/span><\/strong><\/td>\n<td width=\"106\"><strong><span style=\"color: #000000;\">Ore 1.00<\/span><\/strong><\/td>\n<\/tr>\n<\/tbody>\n<\/table>\n<p>DESCRIZIONE PERCORSO<br \/>Dopo aver raggiunto con l\u2019automobile la zona di Malga Campo con la strada che sale dal Luch (Drena), in circa 45 minuti a piedi si giunge in localit\u00e0 Scaletta al bivio con il sentiero 666. Qui inizia il nostro sentiero che si inoltra nel bosco a sinistra all\u2019 altezza di un cancello e di una tabella S.A.T. Percorrendo un bosco di faggi dopo circa 45 minuti si arriva alla localit\u00e0 Mandrie Alte. Qui il sentiero incrocia a destra il 666 che sale da Vallestr\u00e8 e che continua per lo Stivo. Si procede diritti, si oltrepassa un piccolo cancello in legno e la vista si affaccia sulla nostra meravigliosa Valsarca. Scendendo dolcemente fra mughi e roccette (attenzione) si incontrano sulla sinistra i ruderi della vecchia teleferica militare che partiva da Vignole. In circa altri 10 minuti si arriva nei pressi della Malga Stivo dove si incontra il sentiero 608 su strada sterrata che porta al rifugio Marchetti o scende a S.Barbara.<\/p>\n<a href=\"https:\/\/www.arco.org\/wp-content\/uploads\/2024\/09\/666B-del-Piuma.pdf\" class=\"pdfemb-viewer\" style=\"\" data-width=\"max\" data-height=\"max\"  data-toolbar=\"bottom\" data-toolbar-fixed=\"off\">666B del Piuma<br\/><\/a>\n<p style=\"text-align: center;\"><a href=\"https:\/\/www.komoot.com\/it-it\/tour\/2752393940?share_token=aUad6hql9geFKuw3nvVbgcGouDV1C5pi2MmhYICNxt5ovbUJcF&amp;ref=wtd\">Visualizza il percorso in Komoot e scarica il file gpx<\/a><\/p>\n\n\n<p><\/p>\n","protected":false},"excerpt":{"rendered":"<p>Numero: 666B del PiumaGruppo montuoso: StivoLunghezza: 2.1 KmDislivello: 251 mTempo di salita: 1 ore e 15 minutiTempo di discesa: 1 ore e 0 minutiDifficolt\u00e0: E: Escursionistico. Tutto il sentiero \u00e8 vietato alle MTB Prestare attenzione in caso di nebbia o di pioggia sul &#8220;senter dei mughi&#8221; perch\u00e8 si pu\u00f2 scivolare. ITINERARIOScaletta, Mandrie Alte bivio 666, &hellip; <a href=\"https:\/\/www.arco.org\/?page_id=1142\" class=\"more-link\">Continua a leggere <span class=\"screen-reader-text\">666B del Piuma Loc. Scaletta Vallestr\u00e8- Malga Stivo<\/span><\/a><\/p>\n","protected":false},"author":1,"featured_media":0,"parent":52,"menu_order":0,"comment_status":"closed","ping_status":"closed","template":"","meta":[],"_links":{"self":[{"href":"https:\/\/www.arco.org\/index.php?rest_route=\/wp\/v2\/pages\/1142"}],"collection":[{"href":"https:\/\/www.arco.org\/index.php?rest_route=\/wp\/v2\/pages"}],"about":[{"href":"https:\/\/www.arco.org\/index.php?rest_route=\/wp\/v2\/types\/page"}],"author":[{"embeddable":true,"href":"https:\/\/www.arco.org\/index.php?rest_route=\/wp\/v2\/users\/1"}],"replies":[{"embeddable":true,"href":"https:\/\/www.arco.org\/index.php?rest_route=%2Fwp%2Fv2%2Fcomments&post=1142"}],"version-history":[{"count":1,"href":"https:\/\/www.arco.org\/index.php?rest_route=\/wp\/v2\/pages\/1142\/revisions"}],"predecessor-version":[{"id":3116,"href":"https:\/\/www.arco.org\/index.php?rest_route=\/wp\/v2\/pages\/1142\/revisions\/3116"}],"up":[{"embeddable":true,"href":"https:\/\/www.arco.org\/index.php?rest_route=\/wp\/v2\/pages\/52"}],"wp:attachment":[{"href":"https:\/\/www.arco.org\/index.php?rest_route=%2Fwp%2Fv2%2Fmedia&parent=1142"}],"curies":[{"name":"wp","href":"https:\/\/api.w.org\/{rel}","templated":true}]}}