{"id":1596,"date":"2016-06-11T17:22:23","date_gmt":"2016-06-11T15:22:23","guid":{"rendered":"http:\/\/arco.org\/?page_id=1596"},"modified":"2016-06-13T16:49:49","modified_gmt":"2016-06-13T14:49:49","slug":"i-piuma-day","status":"publish","type":"page","link":"https:\/\/www.arco.org\/?page_id=1596","title":{"rendered":"I Piuma Day"},"content":{"rendered":"<p style=\"text-align: center;\"><strong>I\u00b0 Piuma\u2019s day<\/strong><\/p>\n<p style=\"text-align: center;\">Calza, Calzadi, de Calzadis, Calz\u00e0<\/p>\n<p>Arco, 11 maggio 2000.<\/p>\n<p>Strano, pensavo di non rivederci pi\u00f9, di avere perso le tracce rincorrendo la vita.<br \/>\nAffinch\u00e8 Lei non ci sorpassi e vada avanti propongo di ritrovarci domenica<\/p>\n<p style=\"text-align: center;\"><strong>11 giugno alle ore 10,45<\/strong><\/p>\n<p>per il \u201dI\u00b0 Piuma\u2019s day\u201d nella chiesa di s.Bernardino ad Arco nel nostro rione di Stranfora per celebrare la S.Messa a ricordo di chi fu e in attesa di chi verr\u00e0.<br \/>\nCi recheremo poi presso il ristorante \u201cPiccola Dallas\u201d ad Arco dove alle ore 12 pranzeremo in allegra compagnia e ricorderemo i giorni passati e immagineremo il futuro.<br \/>\nL\u2019invito \u00e8 esteso a tutti gli zii, zie, fratelli, sorelle, mogli, mariti, figli, cugini di primo, secondo e terzo grado, amanti, insomma tutti coloro che ritengono di derivare dal ceppo Piuma o di avere qualcosa da spartire.<br \/>\nPotr\u00e0 anche non piacere ma \u201cchi c\u2019\u00e8 c\u2019\u00e8 chi non c\u2019\u00e8 non c\u2019\u00e8\u201d e non potr\u00e0 difendersi dagli attacchi benevoli che gli verranno da tutte le parti.<br \/>\nNell\u2019occasione verranno presentate le fotocopie degli atti di nascita del nome Calz\u00e0 da cui deriva il sopranome Piuma.<br \/>\nE\u2019 un\u2019occasione che credo unica e chi manca si noter\u00e0.<br \/>\nSe non puoi venire al pranzo (che ti coster\u00e0 L. 60.000) vieni almeno a trovarci perch\u00e9 rimarremmo nel ristorante fino alle ore 17 circa e quindi c\u2019\u00e8 lo spazio anche per la merenda.<br \/>\nTelefonami se vieni e anche se non vieni perch\u00e9 sentirti mi far\u00e0 oltremodo felice.<\/p>\n<p>\u201cNon serve correre se quando sei stanco non ti siedi e riposi\u201d<\/p>\n<p>Bruno Piuma<\/p>\n<p style=\"text-align: center;\"><strong>I\u00b0 Piuma day<\/strong><br \/>\nAlla Piccola Dallas ad Arco<br \/>\n<img class=\"ngg_displayed_gallery mceItem\" style=\"font-size: 1rem;\" src=\"http:\/\/arco.org\/nextgen-attach_to_post\/preview\/id--1783\" data-mce-placeholder=\"1\" \/><\/p>\n<p style=\"text-align: center;\"><strong>II\u00b0 Piuma&#8217;s day<br \/>\n<\/strong>Al ristorante alla Lega di Arco<br \/>\n<img class=\"ngg_displayed_gallery mceItem\" src=\"http:\/\/arco.org\/nextgen-attach_to_post\/preview\/id--1726\" data-mce-placeholder=\"1\" \/><\/p>\n<p style=\"text-align: center;\"><strong>III\u00b0 Piuma&#8217;s day<br \/>\n<\/strong>Sabato 31 ottobre 2015 presso la Cantinota a Linfano di Arco si \u00e8 tenuto il Terzo piuma day.<br \/>\nGrande giornata 28 adulti e 3 ragazzi. Elettra entra nella famiglia.<br \/>\n<img class=\"ngg_displayed_gallery mceItem\" style=\"font-size: 1rem;\" src=\"http:\/\/arco.org\/nextgen-attach_to_post\/preview\/id--1754\" data-mce-placeholder=\"1\" \/><\/p>\n","protected":false},"excerpt":{"rendered":"<p>I\u00b0 Piuma\u2019s day Calza, Calzadi, de Calzadis, Calz\u00e0 Arco, 11 maggio 2000. Strano, pensavo di non rivederci pi\u00f9, di avere perso le tracce rincorrendo la vita. Affinch\u00e8 Lei non ci sorpassi e vada avanti propongo di ritrovarci domenica 11 giugno alle ore 10,45 per il \u201dI\u00b0 Piuma\u2019s day\u201d nella chiesa di s.Bernardino ad Arco nel &hellip; <a href=\"https:\/\/www.arco.org\/?page_id=1596\" class=\"more-link\">Continua a leggere <span class=\"screen-reader-text\">I Piuma Day<\/span><\/a><\/p>\n","protected":false},"author":1,"featured_media":0,"parent":1589,"menu_order":0,"comment_status":"closed","ping_status":"closed","template":"","meta":[],"_links":{"self":[{"href":"https:\/\/www.arco.org\/index.php?rest_route=\/wp\/v2\/pages\/1596"}],"collection":[{"href":"https:\/\/www.arco.org\/index.php?rest_route=\/wp\/v2\/pages"}],"about":[{"href":"https:\/\/www.arco.org\/index.php?rest_route=\/wp\/v2\/types\/page"}],"author":[{"embeddable":true,"href":"https:\/\/www.arco.org\/index.php?rest_route=\/wp\/v2\/users\/1"}],"replies":[{"embeddable":true,"href":"https:\/\/www.arco.org\/index.php?rest_route=%2Fwp%2Fv2%2Fcomments&post=1596"}],"version-history":[{"count":22,"href":"https:\/\/www.arco.org\/index.php?rest_route=\/wp\/v2\/pages\/1596\/revisions"}],"predecessor-version":[{"id":1786,"href":"https:\/\/www.arco.org\/index.php?rest_route=\/wp\/v2\/pages\/1596\/revisions\/1786"}],"up":[{"embeddable":true,"href":"https:\/\/www.arco.org\/index.php?rest_route=\/wp\/v2\/pages\/1589"}],"wp:attachment":[{"href":"https:\/\/www.arco.org\/index.php?rest_route=%2Fwp%2Fv2%2Fmedia&parent=1596"}],"curies":[{"name":"wp","href":"https:\/\/api.w.org\/{rel}","templated":true}]}}