{"id":1975,"date":"2018-04-04T11:33:52","date_gmt":"2018-04-04T09:33:52","guid":{"rendered":"http:\/\/arco.org\/?page_id=1975"},"modified":"2024-09-14T18:38:43","modified_gmt":"2024-09-14T16:38:43","slug":"giro-del-monte-ben","status":"publish","type":"page","link":"https:\/\/www.arco.org\/?page_id=1975","title":{"rendered":"Giro del monte Ben"},"content":{"rendered":"<p>Il monte Ben sovrasta la conca di Pianura che si raggiunge da Arco. Da qui si parte in direzione Braila sulla strada asfaltata e dopo circa 600 metri si percorre a sinistra il sentiero 667 che porta al Dosso Grande. Se non si vuole raggiungere il Dosso Grande perch\u00e8 \u00e8 abbastanza in salita si pu\u00f2 continuare sulla strada asfaltata risparmiando 45 minuti circa. Nei pressi di un crocefisso si segue la strada bianca e si raggiunge il caratteristico borgo di Braila. Si sale per Carobbi, si scende in Troiana e si raggiunge la ns. partenza in Pianaura.<br \/>\n3 ore comode.<\/p>\n<a href=\"https:\/\/www.arco.org\/wp-content\/uploads\/2024\/09\/Giro-del-monte-Ben-1.pdf\" class=\"pdfemb-viewer\" style=\"\" data-width=\"max\" data-height=\"max\"  data-toolbar=\"bottom\" data-toolbar-fixed=\"off\">Giro del monte Ben<br\/><\/a>\n<p style=\"text-align: center;\"><a href=\"https:\/\/www.komoot.com\/it-it\/tour\/1859767039?share_token=aTb84dD6T9hK518DnC1DqLDod3mx5Omu8CH22Tw9yO7Xl7hxNG&amp;ref=wtd\" target=\"_blank\" rel=\"noopener\">Visualizza il percorso in Komoot e scarica la traccia gpx<\/a><\/p>\n","protected":false},"excerpt":{"rendered":"<p>Il monte Ben sovrasta la conca di Pianura che si raggiunge da Arco. Da qui si parte in direzione Braila sulla strada asfaltata e dopo circa 600 metri si percorre a sinistra il sentiero 667 che porta al Dosso Grande. Se non si vuole raggiungere il Dosso Grande perch\u00e8 \u00e8 abbastanza in salita si pu\u00f2 &hellip; <a href=\"https:\/\/www.arco.org\/?page_id=1975\" class=\"more-link\">Continua a leggere <span class=\"screen-reader-text\">Giro del monte Ben<\/span><\/a><\/p>\n","protected":false},"author":1,"featured_media":0,"parent":52,"menu_order":0,"comment_status":"closed","ping_status":"closed","template":"","meta":[],"_links":{"self":[{"href":"https:\/\/www.arco.org\/index.php?rest_route=\/wp\/v2\/pages\/1975"}],"collection":[{"href":"https:\/\/www.arco.org\/index.php?rest_route=\/wp\/v2\/pages"}],"about":[{"href":"https:\/\/www.arco.org\/index.php?rest_route=\/wp\/v2\/types\/page"}],"author":[{"embeddable":true,"href":"https:\/\/www.arco.org\/index.php?rest_route=\/wp\/v2\/users\/1"}],"replies":[{"embeddable":true,"href":"https:\/\/www.arco.org\/index.php?rest_route=%2Fwp%2Fv2%2Fcomments&post=1975"}],"version-history":[{"count":10,"href":"https:\/\/www.arco.org\/index.php?rest_route=\/wp\/v2\/pages\/1975\/revisions"}],"predecessor-version":[{"id":2861,"href":"https:\/\/www.arco.org\/index.php?rest_route=\/wp\/v2\/pages\/1975\/revisions\/2861"}],"up":[{"embeddable":true,"href":"https:\/\/www.arco.org\/index.php?rest_route=\/wp\/v2\/pages\/52"}],"wp:attachment":[{"href":"https:\/\/www.arco.org\/index.php?rest_route=%2Fwp%2Fv2%2Fmedia&parent=1975"}],"curies":[{"name":"wp","href":"https:\/\/api.w.org\/{rel}","templated":true}]}}