{"id":220,"date":"2016-05-29T18:37:47","date_gmt":"2016-05-29T16:37:47","guid":{"rendered":"http:\/\/arco.org\/?page_id=220"},"modified":"2016-06-06T14:00:42","modified_gmt":"2016-06-06T12:00:42","slug":"la-costa","status":"publish","type":"page","link":"https:\/\/www.arco.org\/?page_id=220","title":{"rendered":"La Costa"},"content":{"rendered":"<p>Uno dei tanti itinerari per avvicinarsi al Castello di Arco \u00e8 il sentiero in pietre rosse e terra battuta che si snoda, sinuoso, lungo il pendio che, verso Sud, collega le mura che cingono l\u2019antico maniero al borgo raccolto intorno alla rupe. Questa parte di olivaia \u00e8, da sempre, denominata <em>la Costa.<\/em> Ad essa si arriva salendo la scalinata che parte poco distante dalla piazza 3 Novembre, oppure dal vicolo delle Ere nei pressi della piazzetta S. Giuseppe. Ma questa balconata sulla valle si raggiunge anche da via Orbia (la parte terminale di Via Stranfora) o dai tanti vicoli che si dipartono da via Stranfora in direzione del Castello.<\/p>\n<p><img loading=\"lazy\" class=\"alignnone size-full wp-image-782\" src=\"http:\/\/arco.org\/wp-content\/uploads\/2016\/05\/areasosta.jpg\" alt=\"areasosta\" width=\"248\" height=\"255\" \/> <img loading=\"lazy\" class=\"alignnone size-medium wp-image-783\" src=\"http:\/\/arco.org\/wp-content\/uploads\/2016\/05\/costa.jpg\" alt=\"costa\" width=\"250\" height=\"176\" \/> <img loading=\"lazy\" class=\"alignnone size-medium wp-image-785\" src=\"http:\/\/arco.org\/wp-content\/uploads\/2016\/05\/panorama2-200x300.jpg\" alt=\"panorama2\" width=\"200\" height=\"300\" \/>\u00a0<img loading=\"lazy\" class=\"alignnone size-medium wp-image-786\" src=\"http:\/\/arco.org\/wp-content\/uploads\/2016\/05\/sentiero.jpg\" alt=\"sentiero\" width=\"250\" height=\"211\" \/><\/p>\n<p>Quest\u2019area \u00e8 stata particolarmente colpita\u00a0 dal gelo del 1985 e, immediatamente dopo, dalla fumaggine. Soffriva di uno stato di abbandono terribile; i rovi ed altre piante infestanti la facevano da padroni. Poi un progetto di lavoro a scopo sociale ha dato la possibilit\u00e0 ad alcuni giovani di compiere una prima opera di pulizia e di messa a dimora di variet\u00e0 arboree diverse. Successivamente il Servizio di Ripristino e Valorizzazione Ambientale della Provincia Autonoma di Trento ha provveduto alla ricostruzione dei muretti a secco pericolanti ed all\u2019installazione di panchine e tavoli.<\/p>\n<p>Il sentiero si apre sulla valle a met\u00e0 strada circa fra il Castello e la piazza di Arco. Sul pendio sottostante il primo spazio di sosta vi sono molte agavi, variegate e verdi. Queste piante hanno trovato in quest\u2019area un <em>habitat<\/em> ideale e si propagano molto facilmente. Esse assumono anche dimensioni rilevanti; quando alzano verso il cielo il loro gigantesco fiore si preparano a morire. Tutt\u2019intorno per\u00f2 stanno gi\u00e0 crescendo nuove piantine. Il sentiero che sale dalle Ere si congiunge a quello principale nella zona dove esisteva fino al Settecento l\u2019antica chiesetta dedicata a S. Stefano. Gli olivi rimangono la presenza costante, ma qui vi sono macchie di oleandro e di alberi di Giuda.<\/p>\n<p>Lungo il sentiero che sale dolcemente crescono piante di lavanda, di ruta e di menta. In una parte pianeggiante del sentiero, circondato da grandi arbusti di ginestra, si pu\u00f2 osservare l\u2019Oltresarca dominato dal M. Stivo. Nella campagna, vicino al paese di Bolognano, \u00e8 ben individuabile l\u2019antica chiesa di S. Floriano.<\/p>\n<p>Lungo il sentiero vi \u00e8, in pi\u00f9 punti, la possibilit\u00e0 di sostare. E poi si sale ancora in un crescendo di muretti a secco, di cespugli di forsizia e di rosa canina. Si pu\u00f2 osservare il taglio di qualche pianta d\u2019olivo malata e la cura dei polloni, o l\u2019esecuzione di qualche innesto.<\/p>\n<p>Quando si \u00e8 quasi giunti in prossimit\u00e0 del Castello, il sentiero si spinge verso Ovest e la prospettiva cambia ancora. Di fronte si pu\u00f2 ammirare l\u2019olivaia ai piedi del M. Baone, pi\u00f9 sotto la grande macchia verde del parco arciducale e poi il rione antico di Stranfora. Verso Nord-Ovest vi \u00e8 la gola che porta verso L\u00e0ghel, sovrastata dalle splendide rocce del Collodri.<\/p>\n<p>Alti cespugli di corbezzolo invitano a salire lungo la stradina che porta al Castello, mentre il sentiero termina in una piazzola che si affaccia verso Est. Si pu\u00f2 discendere percorrendo lo stesso itinerario compiuto nella salita, oppure scegliere la strada pi\u00f9 ampia che porta al rione di Stranfora e visitare il Parco Arciducale in Via Fossa Grande.<\/p>\n","protected":false},"excerpt":{"rendered":"<p>Uno dei tanti itinerari per avvicinarsi al Castello di Arco \u00e8 il sentiero in pietre rosse e terra battuta che si snoda, sinuoso, lungo il pendio che, verso Sud, collega le mura che cingono l\u2019antico maniero al borgo raccolto intorno alla rupe. Questa parte di olivaia \u00e8, da sempre, denominata la Costa. Ad essa si &hellip; <a href=\"https:\/\/www.arco.org\/?page_id=220\" class=\"more-link\">Continua a leggere <span class=\"screen-reader-text\">La Costa<\/span><\/a><\/p>\n","protected":false},"author":1,"featured_media":0,"parent":212,"menu_order":0,"comment_status":"closed","ping_status":"closed","template":"","meta":[],"_links":{"self":[{"href":"https:\/\/www.arco.org\/index.php?rest_route=\/wp\/v2\/pages\/220"}],"collection":[{"href":"https:\/\/www.arco.org\/index.php?rest_route=\/wp\/v2\/pages"}],"about":[{"href":"https:\/\/www.arco.org\/index.php?rest_route=\/wp\/v2\/types\/page"}],"author":[{"embeddable":true,"href":"https:\/\/www.arco.org\/index.php?rest_route=\/wp\/v2\/users\/1"}],"replies":[{"embeddable":true,"href":"https:\/\/www.arco.org\/index.php?rest_route=%2Fwp%2Fv2%2Fcomments&post=220"}],"version-history":[{"count":7,"href":"https:\/\/www.arco.org\/index.php?rest_route=\/wp\/v2\/pages\/220\/revisions"}],"predecessor-version":[{"id":789,"href":"https:\/\/www.arco.org\/index.php?rest_route=\/wp\/v2\/pages\/220\/revisions\/789"}],"up":[{"embeddable":true,"href":"https:\/\/www.arco.org\/index.php?rest_route=\/wp\/v2\/pages\/212"}],"wp:attachment":[{"href":"https:\/\/www.arco.org\/index.php?rest_route=%2Fwp%2Fv2%2Fmedia&parent=220"}],"curies":[{"name":"wp","href":"https:\/\/api.w.org\/{rel}","templated":true}]}}