{"id":222,"date":"2016-05-29T18:38:04","date_gmt":"2016-05-29T16:38:04","guid":{"rendered":"http:\/\/arco.org\/?page_id=222"},"modified":"2016-06-06T14:05:56","modified_gmt":"2016-06-06T12:05:56","slug":"laghel","status":"publish","type":"page","link":"https:\/\/www.arco.org\/?page_id=222","title":{"rendered":"Laghel"},"content":{"rendered":"<p><img loading=\"lazy\" class=\"alignnone size-full wp-image-791\" src=\"http:\/\/arco.org\/wp-content\/uploads\/2016\/05\/collodri.jpg\" alt=\"collodri\" width=\"200\" height=\"96\" \/> <img loading=\"lazy\" class=\"alignnone size-medium wp-image-792\" src=\"http:\/\/arco.org\/wp-content\/uploads\/2016\/05\/lecci.jpg\" alt=\"lecci\" width=\"245\" height=\"173\" \/> <img loading=\"lazy\" class=\"alignnone size-medium wp-image-793\" src=\"http:\/\/arco.org\/wp-content\/uploads\/2016\/05\/pozziglaciali.jpg\" alt=\"pozziglaciali\" width=\"150\" height=\"246\" \/>Gi\u00e0 si \u00e8 trattato di questa amena localit\u00e0, posta a Nord dell\u2019abitato di Arco, parlando delle chiese che fanno da corona alla Collegiata. Si raggiunge L\u00e0ghel percorrendo via Fossa Grande, o via Stranfora, in direzione del Parco Arciducale, di Villa Palma e Villa Rosa. Superata quest\u2019ultima residenza, ci si immerge nell\u2019olivaia. A piedi si pu\u00f2 percorrere la salita con i capitelli della Via Crucis che conduce verso il santuario, mentre con altri mezzi si percorre la strada che si diparte a destra. Interessanti sono, lungo quest\u2019ultima via, gli imponenti muri a secco che sorreggono i terrazzi ai piedi delle pareti strapiombanti del M. Collodri. Sono testimonianza di un lavoro ciclopico, compiuto sicuramente con mezzi poveri, tanta fatica ed anche notevole ingegno.<\/p>\n<p>&nbsp;<\/p>\n<p>Nei pressi della chiesa parte il comodo sentiero per il M. Collodri.&#8212;&#8212; Percorrendolo si pu\u00f2 osservare la stratificazione della roccia e lo svilupparsi del sottobosco submediterraneo; sulla vetta l\u2019erosione ha solcato, scavato, forato le rocce calcaree creando irreali micropaesaggi lunari. Accanto alla croce in ferro il nostro occhio pu\u00f2 abbracciare tutto il Basso Sarca.<\/p>\n<p>Se si supera invece la gola che porta al santuario, si apre davanti a\u00a0 noi l\u2019incantevole valletta di L\u00e0ghel. Qualche casa qua e l\u00e0 (quasi tutte ristrutturate in tempi recenti dopo decenni di abbandono), olivi e viti, la boscaglia, il pino nero e poi gli immancabili lecci a punteggiare le rocce.<\/p>\n<p>Ma L\u00e0ghel \u00e8 anche, e soprattuttto, un interessante fenomeno carsico.<\/p>\n<p>Al centro della valletta infatti, in caso di piogge abbondanti e ravvicinate, si forma un piccolo lago (di qui forse il toponimo) che poi scompare. Le acque stagnanti sono assorbite da un inghiottitoio e vanno probabilmente ad alimentare una sorgente sottostante. A detta di molti studiosi, L\u00e0ghel \u00e8 la dolina pi\u00f9 grande di tutto l\u2019arco alpino.<img loading=\"lazy\" class=\"alignnone size-full wp-image-784\" src=\"http:\/\/arco.org\/wp-content\/uploads\/2016\/05\/laghel.jpg\" alt=\"laghel\" width=\"200\" height=\"120\" \/><\/p>\n<p>Altri fenomeni geologici osservabili sono l\u2019erosione carsica sulle rocce che delimitano la strada, ed alcuni pozzi glaciali che, pur non essendo facilmente ossservabili da vicino, si possono individuare chiaramente sulla parete rocciosa che chiude ad Est la valletta. L\u2019itinerario attorno a L\u00e0ghel pu\u00f2 essere circolare. Sul lato Ovest dalla strada principale si diparte un sentiero (n.408) che, attraversando un bosco di pino nero, porta fino alla sella che sovrasta l\u2019abitato di Padaro. Da l\u00ec \u00e8 possibile scendere a Padaro o raggiungere la parte alta del M. Baone o raggiungere Mandrea attraverso il \u201csalt della cavra\u201d. La strada principale prosegue entro un paesaggio realmente suggestivo fino alla localit\u00e0 Fontane; nella parte terminale diventa un sentiero fino a collegarsi con la strada asfaltata del versante Est.<\/p>\n<p>Vi \u00e8 anche un percorso che attraversa L\u00e0ghel, secondo un\u2019 asse mediana. Inoltre, arrivati nel fondo della valletta, verso Nord, si pu\u00f2 scegliere un sentiero che porta a Ceniga, in prossimit\u00e0 del ponte romano. Di l\u00ec si pu\u00f2 tornare verso Arco lungo la strada di Prabi e visitare l\u2019eremo di San Paolo e la chiesa di S. Apollinare.<\/p>\n","protected":false},"excerpt":{"rendered":"<p>Gi\u00e0 si \u00e8 trattato di questa amena localit\u00e0, posta a Nord dell\u2019abitato di Arco, parlando delle chiese che fanno da corona alla Collegiata. Si raggiunge L\u00e0ghel percorrendo via Fossa Grande, o via Stranfora, in direzione del Parco Arciducale, di Villa Palma e Villa Rosa. Superata quest\u2019ultima residenza, ci si immerge nell\u2019olivaia. A piedi si pu\u00f2 &hellip; <a href=\"https:\/\/www.arco.org\/?page_id=222\" class=\"more-link\">Continua a leggere <span class=\"screen-reader-text\">Laghel<\/span><\/a><\/p>\n","protected":false},"author":1,"featured_media":0,"parent":212,"menu_order":0,"comment_status":"closed","ping_status":"closed","template":"","meta":[],"_links":{"self":[{"href":"https:\/\/www.arco.org\/index.php?rest_route=\/wp\/v2\/pages\/222"}],"collection":[{"href":"https:\/\/www.arco.org\/index.php?rest_route=\/wp\/v2\/pages"}],"about":[{"href":"https:\/\/www.arco.org\/index.php?rest_route=\/wp\/v2\/types\/page"}],"author":[{"embeddable":true,"href":"https:\/\/www.arco.org\/index.php?rest_route=\/wp\/v2\/users\/1"}],"replies":[{"embeddable":true,"href":"https:\/\/www.arco.org\/index.php?rest_route=%2Fwp%2Fv2%2Fcomments&post=222"}],"version-history":[{"count":7,"href":"https:\/\/www.arco.org\/index.php?rest_route=\/wp\/v2\/pages\/222\/revisions"}],"predecessor-version":[{"id":796,"href":"https:\/\/www.arco.org\/index.php?rest_route=\/wp\/v2\/pages\/222\/revisions\/796"}],"up":[{"embeddable":true,"href":"https:\/\/www.arco.org\/index.php?rest_route=\/wp\/v2\/pages\/212"}],"wp:attachment":[{"href":"https:\/\/www.arco.org\/index.php?rest_route=%2Fwp%2Fv2%2Fmedia&parent=222"}],"curies":[{"name":"wp","href":"https:\/\/api.w.org\/{rel}","templated":true}]}}