{"id":226,"date":"2016-05-29T18:38:54","date_gmt":"2016-05-29T16:38:54","guid":{"rendered":"http:\/\/arco.org\/?page_id=226"},"modified":"2016-06-06T14:11:46","modified_gmt":"2016-06-06T12:11:46","slug":"la-pista-ciclabile-lungo-il-sarca","status":"publish","type":"page","link":"https:\/\/www.arco.org\/?page_id=226","title":{"rendered":"La pista ciclabile lungo il Sarca"},"content":{"rendered":"<p>Questa prima serie di itinerari presentati a chi vuol conoscere in modo pi\u00f9 approfondito il territorio del comune di Arco si conclude con il percorso pi\u00f9 pianeggiante, ma certamente non meno interessante: la pista ciclabile che da Arco conduce sulle rive del Lago di Garda.<\/p>\n<p><img loading=\"lazy\" class=\"alignnone size-full wp-image-802\" src=\"http:\/\/arco.org\/wp-content\/uploads\/2016\/05\/pistaciclabile.jpg\" alt=\"pistaciclabile\" width=\"250\" height=\"171\" \/> <img loading=\"lazy\" class=\"alignnone size-medium wp-image-803\" src=\"http:\/\/arco.org\/wp-content\/uploads\/2016\/05\/pistaciclabile2.jpg\" alt=\"pistaciclabile2\" width=\"250\" height=\"147\" \/><\/p>\n<p>Essa ha inizio ad Arco nei pressi del campo sportivo di Via Pomerio; dall\u2019ampio parcheggio ad Ovest dello stadio si diparte, in direzione Sud, una strada asfaltata che costeggia una campagna. Alla prima curva una breve rampa porta alla pista ciclabile. Il percorso \u00e8 lungo poco pi\u00f9 di cinque chilometri e costeggia l\u2019argine destro del fiume Sarca. Un cartello segnala le corrette modalit\u00e0 d\u2019uso della stradina perch\u00e8 pedoni e ciclisti trovino la possibilit\u00e0 di fruirne in perfetta armonia. Ai lati vi sono le protezioni in legno; si incontra talvolta un luogo di sosta; vi \u00e8 inoltre la possibilit\u00e0 di abbandonare od entrare nel percorso in pi\u00f9 punti.<\/p>\n<p>L\u2019utilizzo per scopi idroelettrici di buona parte delle acque dell\u2019immissario del pi\u00f9 grande lago d\u2019Italia toglie, ovviamente, una parte del fascino che questo percorso avrebbe. Si cammina o si pedala comunque in un ambiente estremamente rilassante mentre lo sguardo spazia sulla campagna, sui monti circostanti, nel verde degli alberi che crescono lungo il fiume.<\/p>\n<p>Ai margini del greto del fiume, dove l\u2019acqua scorre silenziosa fra i sassi arrotondati dai secoli, spuntano canneti che fanno ondeggiare al vento i loro pennacchi. In estate la pista \u00e8 rallegrata dalla macchie multicolori degli oleandri.<\/p>\n<p>A circa met\u00e0 strada si passa accanto alla zona industriale di Arco, nella localit\u00e0 un tempo detta \u201cPr\u00e0 de la fam\u201d. Quei terreni infatti erano scarsamente adatti all\u2019agricoltura perch\u00e8 soggetti alle piene del Sarca. Pi\u00f9 avanti per\u00f2 la campagna torna ad essere fertile e ben coltivata; siamo nel Linfano e l\u2019antico toponimo \u00e8 estremamente significativo.<\/p>\n<p>Poco distante, fra gli olivi, si trova l\u2019antica chiesetta della Madonna delle Vittorie, recentemente restaurata.<\/p>\n<p>Nei pressi di questa chiesa i corpi franchi, intervenuti nella prima Guerra di Indipendenza, si scontrarono con le truppe austriache (aprile 1848).<\/p>\n<p>Ad Est si scorgono in lontananza, sulla cresta che sovrasta la strada che da Torbole porta a Nago, i ruderi di Castel Penede; ed essi bastano per cogliere il grande ruolo strategico ch\u2019ebbe quel castello, baluardo imprendibile a controllo delle vie che portavano al lago. Ad Ovest ecco il M. Brione con i lecci che segnano visivamente la stratigrafia rocciosa.<\/p>\n<p>Finalmente il fiume torna se stesso; siamo ormai nei pressi di Torbole. La pista ciclabile finisce, ma basta attraversare la statale per giungere alla foce del Sarca, mentre qualche cigno bianchissimo si fa incontro ad accoglierci.<\/p>\n<p>&nbsp;<\/p>\n","protected":false},"excerpt":{"rendered":"<p>Questa prima serie di itinerari presentati a chi vuol conoscere in modo pi\u00f9 approfondito il territorio del comune di Arco si conclude con il percorso pi\u00f9 pianeggiante, ma certamente non meno interessante: la pista ciclabile che da Arco conduce sulle rive del Lago di Garda. Essa ha inizio ad Arco nei pressi del campo sportivo &hellip; <a href=\"https:\/\/www.arco.org\/?page_id=226\" class=\"more-link\">Continua a leggere <span class=\"screen-reader-text\">La pista ciclabile lungo il Sarca<\/span><\/a><\/p>\n","protected":false},"author":1,"featured_media":0,"parent":212,"menu_order":0,"comment_status":"closed","ping_status":"closed","template":"","meta":[],"_links":{"self":[{"href":"https:\/\/www.arco.org\/index.php?rest_route=\/wp\/v2\/pages\/226"}],"collection":[{"href":"https:\/\/www.arco.org\/index.php?rest_route=\/wp\/v2\/pages"}],"about":[{"href":"https:\/\/www.arco.org\/index.php?rest_route=\/wp\/v2\/types\/page"}],"author":[{"embeddable":true,"href":"https:\/\/www.arco.org\/index.php?rest_route=\/wp\/v2\/users\/1"}],"replies":[{"embeddable":true,"href":"https:\/\/www.arco.org\/index.php?rest_route=%2Fwp%2Fv2%2Fcomments&post=226"}],"version-history":[{"count":5,"href":"https:\/\/www.arco.org\/index.php?rest_route=\/wp\/v2\/pages\/226\/revisions"}],"predecessor-version":[{"id":804,"href":"https:\/\/www.arco.org\/index.php?rest_route=\/wp\/v2\/pages\/226\/revisions\/804"}],"up":[{"embeddable":true,"href":"https:\/\/www.arco.org\/index.php?rest_route=\/wp\/v2\/pages\/212"}],"wp:attachment":[{"href":"https:\/\/www.arco.org\/index.php?rest_route=%2Fwp%2Fv2%2Fmedia&parent=226"}],"curies":[{"name":"wp","href":"https:\/\/api.w.org\/{rel}","templated":true}]}}