{"id":232,"date":"2016-05-29T18:40:29","date_gmt":"2016-05-29T16:40:29","guid":{"rendered":"http:\/\/arco.org\/?page_id=232"},"modified":"2016-06-06T14:17:18","modified_gmt":"2016-06-06T12:17:18","slug":"pianura-troiana-carobbi-be-braila","status":"publish","type":"page","link":"https:\/\/www.arco.org\/?page_id=232","title":{"rendered":"Pianura, Troiana, Carobbi, B\u00e8, Braila"},"content":{"rendered":"<p>Lungo la strada forestale, di recente realizzazione, si pu\u00f2 salire da Pianaura verso Troiana. Per chi vuole immergersi ancor pi\u00f9 nel verde \u00e8 consigliabile l\u2019antica mulattiera lastricata che si diparte sulla sinistra, poche decine di metri dopo Pianaura. Si arriva cos\u00ec, tra cespugli di ginepro, lecci, frassini e castagni, alla pozza di Calabion, una tenue sorgente d\u2019acqua, un tempo luogo di sosta obbligatorio per i carri che salivano al monte. Questo luogo \u00e8 ricordato negli antichi statuti di Arco.<\/p>\n<p><img loading=\"lazy\" class=\"alignnone size-full wp-image-812\" src=\"http:\/\/arco.org\/wp-content\/uploads\/2016\/05\/anticachiesa.jpg\" alt=\"anticachiesa\" width=\"200\" height=\"148\" \/> <img loading=\"lazy\" class=\"alignnone size-medium wp-image-813\" src=\"http:\/\/arco.org\/wp-content\/uploads\/2016\/05\/anticafonte.jpg\" alt=\"anticafonte\" width=\"133\" height=\"222\" \/> <img loading=\"lazy\" class=\"alignnone size-medium wp-image-814\" src=\"http:\/\/arco.org\/wp-content\/uploads\/2016\/05\/braila.jpg\" alt=\"braila\" width=\"195\" height=\"274\" \/> <img loading=\"lazy\" class=\"alignnone size-medium wp-image-815\" src=\"http:\/\/arco.org\/wp-content\/uploads\/2016\/05\/carobbi.jpg\" alt=\"carobbi\" width=\"193\" height=\"281\" \/><\/p>\n<p>Proseguendo ci si immette sulla nuova strada forestale. Un crocifisso in legno saluta il passante che si affaccia nella valletta di Troiana. Circa l\u2019origine del toponimo si formulano diverse ipotesi. Ambrogio Franco nel Seicento scriveva <em>\u201cTurbiniana, ma il popolo dice Troiana\u201d<\/em>; qualche altra fonte cita l\u2019esistenza di una torre. Di certo si sa che questa piccolo gruppo di case allineate al margine settentrionale di un grande prato era, fino al 1821, Comune autonomo, dotato di un proprio statuto. In quell\u2019anno l\u2019imperial regio Capitanato Circolare decise la sua unione con Arco <em>\u00abritenuto che si tratta di un comune d\u2019assai ristretta estensione di terreno e quasi senza popolazione e che tutto il territorio \u00e8 per ogni dove circondato da quello della citt\u00e0 di Arco\u00bb.<\/em><\/p>\n<p>Nel piccolo centro si trova la chiesetta di S. Lorenzo; le prime notizie su questa chiesa risalgono al 1606, anno in cui si ritiene sia stata avviata la sua edificazione. Qualche decennio dopo si costru\u00ec accanto alla chiesa un romitorio, che ospit\u00f2 nel corso dei secoli successivi diversi eremiti.<\/p>\n<p>Ma tracce di una chiesa pi\u00f9 antica si trovano sul monte Ben, ad Ovest di Troiana. Il sentiero pi\u00f9 comodo per raggiungere questo sito, di grande interesse storico, parte dalla prima ampia curva sinistrorsa che descrive la strada che da Troiana sale a Carobbi. Il sentiero \u00e8 pianeggiante e si inoltra in un bosco di roveri, noccioli e castagni. Dopo aver percorso circa trecento metri si arriva in un pianoro che presenta il perimetro di una piccola chiesa, con l\u2019abside ed il pavimento lastricato con grandi pietre. Questa chiesa fu voluta probabilmente dalla comunit\u00e0 cristiana di Troiana ed edificata in quel luogo distante dalle abitazioni per nasconderla a minacce esterne, derivanti da popoli pagani invasori. Oppure la scelta del luogo (un colle) rappresentava il culmine di un certo itinerario religioso e quindi la chiesa poteva avere funzione di santuario.<\/p>\n<p>Tornati sulla strada principale si arriva in breve a Carobbi, il \u201cregno\u201d di Gianni Caproni. Qui il pioniere dell\u2019aeronautica aveva riedificato la casa di montagna della sua famiglia; egli era inoltre proprietario di prati e boschi. In un grande prato che si affaccia come un balcone sul Basso Sarca si erge tuttora una torre in pietra da lui fatta costruire come punto d\u2019osservazione e come luogo privilegiato per ascoltare le prime trasmissioni radio.<\/p>\n<p>Da Carobbi si scende poi verso il paesino di Braila, attraversando un magnifico bosco di faggi con un\u2019antica fonte. Da Carobbi parte inoltre la lunga strada forestale che porta in localit\u00e0 Vallestr\u00e8 e poi a Malga Campo oppure, costeggiando tutto il fianco montuoso dello Stivo, in Velo. Braila \u00e8 una frazione del comune di Arco; un tempo abitata stabilmente da alcune famiglie, ora \u00e8 invece soprattutto luogo di soggiorno estivo. Isolata, su un poggio, sorge la chiesa della Madonna del Carmelo.<\/p>\n<p>Nello scendere verso \u201cBraila bassa\u201d si possono osservare le due calch\u00e8re recentemente ricostruite dal Servizio Ripristino Ambientale della Provincia Autonoma di Trento.<\/p>\n<p>A questo punto, per completare l\u2019itinerario si offrono due alternative. O tornare verso Sud lungo la strada che da Braila bassa, attraverso la gola del Londri, porta a Pianaura operando eventualmente una deviazione verso il suggestivo pianoro di Maso B\u00e8, oppure scendere verso Nord sulla strada per Drena.<\/p>\n<p>Qui sar\u00e0 possibile visitare il Castello e ammirare dall\u2019alto il paesaggio suggestivo delle Marocche, uno dei pi\u00f9 imponenti fenomeni franosi d\u2019Europa.<\/p>\n","protected":false},"excerpt":{"rendered":"<p>Lungo la strada forestale, di recente realizzazione, si pu\u00f2 salire da Pianaura verso Troiana. Per chi vuole immergersi ancor pi\u00f9 nel verde \u00e8 consigliabile l\u2019antica mulattiera lastricata che si diparte sulla sinistra, poche decine di metri dopo Pianaura. Si arriva cos\u00ec, tra cespugli di ginepro, lecci, frassini e castagni, alla pozza di Calabion, una tenue &hellip; <a href=\"https:\/\/www.arco.org\/?page_id=232\" class=\"more-link\">Continua a leggere <span class=\"screen-reader-text\">Pianura, Troiana, Carobbi, B\u00e8, Braila<\/span><\/a><\/p>\n","protected":false},"author":1,"featured_media":0,"parent":212,"menu_order":0,"comment_status":"closed","ping_status":"closed","template":"","meta":[],"_links":{"self":[{"href":"https:\/\/www.arco.org\/index.php?rest_route=\/wp\/v2\/pages\/232"}],"collection":[{"href":"https:\/\/www.arco.org\/index.php?rest_route=\/wp\/v2\/pages"}],"about":[{"href":"https:\/\/www.arco.org\/index.php?rest_route=\/wp\/v2\/types\/page"}],"author":[{"embeddable":true,"href":"https:\/\/www.arco.org\/index.php?rest_route=\/wp\/v2\/users\/1"}],"replies":[{"embeddable":true,"href":"https:\/\/www.arco.org\/index.php?rest_route=%2Fwp%2Fv2%2Fcomments&post=232"}],"version-history":[{"count":6,"href":"https:\/\/www.arco.org\/index.php?rest_route=\/wp\/v2\/pages\/232\/revisions"}],"predecessor-version":[{"id":816,"href":"https:\/\/www.arco.org\/index.php?rest_route=\/wp\/v2\/pages\/232\/revisions\/816"}],"up":[{"embeddable":true,"href":"https:\/\/www.arco.org\/index.php?rest_route=\/wp\/v2\/pages\/212"}],"wp:attachment":[{"href":"https:\/\/www.arco.org\/index.php?rest_route=%2Fwp%2Fv2%2Fmedia&parent=232"}],"curies":[{"name":"wp","href":"https:\/\/api.w.org\/{rel}","templated":true}]}}