{"id":243,"date":"2016-05-29T18:43:43","date_gmt":"2016-05-29T16:43:43","guid":{"rendered":"http:\/\/arco.org\/?page_id=243"},"modified":"2016-06-06T15:24:40","modified_gmt":"2016-06-06T13:24:40","slug":"drena-maso-michelotti-malga-campo-cima-bassa-stivo","status":"publish","type":"page","link":"https:\/\/www.arco.org\/?page_id=243","title":{"rendered":"Drena, Maso Michelotti, Malga Campo, Cima bassa, Stivo"},"content":{"rendered":"<p>Si arriva a Drena percorrendo la strada provinciale che sale da Dro, attraverso l\u2019affascinante paesaggio delle Marocche, verso la valle di Cavedine. Alla frazione Luch si imbocca la strada forestale per Malga Campo. A Maso Michelotti \u00e8 possibile lasciare l\u2019automobile e percorrere il sentiero 623 che interseca in pi\u00f9 punti la strada che, con suoi numerosi tornanti, porta a Malga Campo. In automobile la salita \u00e8 ovviamente molto pi\u00f9 agevole! Dopo una sosta a Malga Campo, recentemente ristrutturata,\u00a0 alla chiesetta costruita dagli alpini di Drena e al crocefisso degli alpini di Arco, si pu\u00f2 percorrere il sentiero che si inerpica fra i larici ed i faggi. In primavera i prati presentano splendide peonie, in estate il sottobosco \u00e8 chiazzato del rosso dei rododendri. Si arriva cos\u00ec alla Cima Bassa con il capitello della Madonnina. Qui giungono i sentieri dal Palon\/Bondone e da Bordala, localit\u00e0 sottostante. Per salire verso lo Stivo si abbandona il sentiero n. 623 e si percorre il n. 617 che sale in cresta attraverso le piante di mughi e i rododendri. Per un tratto si cammina sul limitare Est della montagna; si faccia attenzione nel seguire il sentiero. L\u2019ultimo tratto di itinerario segue il tracciato di una strada militare finch\u00e8 si arriva sui prati a fianco del rifugio \u201cProspero Marchetti\u201d; esiste anche la possibilit\u00e0 di salire direttamente in vetta percorrendo il sentiero 617\/bisB<\/p>\n","protected":false},"excerpt":{"rendered":"<p>Si arriva a Drena percorrendo la strada provinciale che sale da Dro, attraverso l\u2019affascinante paesaggio delle Marocche, verso la valle di Cavedine. Alla frazione Luch si imbocca la strada forestale per Malga Campo. A Maso Michelotti \u00e8 possibile lasciare l\u2019automobile e percorrere il sentiero 623 che interseca in pi\u00f9 punti la strada che, con suoi &hellip; <a href=\"https:\/\/www.arco.org\/?page_id=243\" class=\"more-link\">Continua a leggere <span class=\"screen-reader-text\">Drena, Maso Michelotti, Malga Campo, Cima bassa, Stivo<\/span><\/a><\/p>\n","protected":false},"author":1,"featured_media":0,"parent":236,"menu_order":0,"comment_status":"closed","ping_status":"closed","template":"","meta":[],"_links":{"self":[{"href":"https:\/\/www.arco.org\/index.php?rest_route=\/wp\/v2\/pages\/243"}],"collection":[{"href":"https:\/\/www.arco.org\/index.php?rest_route=\/wp\/v2\/pages"}],"about":[{"href":"https:\/\/www.arco.org\/index.php?rest_route=\/wp\/v2\/types\/page"}],"author":[{"embeddable":true,"href":"https:\/\/www.arco.org\/index.php?rest_route=\/wp\/v2\/users\/1"}],"replies":[{"embeddable":true,"href":"https:\/\/www.arco.org\/index.php?rest_route=%2Fwp%2Fv2%2Fcomments&post=243"}],"version-history":[{"count":4,"href":"https:\/\/www.arco.org\/index.php?rest_route=\/wp\/v2\/pages\/243\/revisions"}],"predecessor-version":[{"id":866,"href":"https:\/\/www.arco.org\/index.php?rest_route=\/wp\/v2\/pages\/243\/revisions\/866"}],"up":[{"embeddable":true,"href":"https:\/\/www.arco.org\/index.php?rest_route=\/wp\/v2\/pages\/236"}],"wp:attachment":[{"href":"https:\/\/www.arco.org\/index.php?rest_route=%2Fwp%2Fv2%2Fmedia&parent=243"}],"curies":[{"name":"wp","href":"https:\/\/api.w.org\/{rel}","templated":true}]}}