{"id":245,"date":"2016-05-29T18:44:11","date_gmt":"2016-05-29T16:44:11","guid":{"rendered":"http:\/\/arco.org\/?page_id=245"},"modified":"2016-05-30T15:22:43","modified_gmt":"2016-05-30T13:22:43","slug":"malga-campo-vallestre-stivo","status":"publish","type":"page","link":"https:\/\/www.arco.org\/?page_id=245","title":{"rendered":"Malga Campo, Vallestr\u00e8, Stivo"},"content":{"rendered":"<p>Una variante all\u2019itinerario appena illustrato \u00e8 il seguente. Arrivati a Malga Campo si imbocca sulla destra una strada sterrata che serpeggia in mezzo a prati entro cui troneggiano magnifici esemplari di faggio. Si passa accanto a Malga Pedrini; poi la strada comincia a salire nel bosco. Percorsi alcuni tornanti e superato un ripido tratto in cemento si arriva in localit\u00e0 \u201cScaletta\u201d; un tempo l\u2019accesso a quella zona era possibile infatti solo attraverso una ripida scala scavata nella roccia. Un capitello con crocefisso d\u00e0 il benvenuto a chi passa di l\u00ec; incantevole \u00e8 il panorama sulla valle di Cavedine. Si oltrepassa un cancello (ricordarsi di chiuderlo) e a questo punto vi possono essere tre alternative. Sulla sinistra parte il sentiero che porta direttamente sul costone Ovest del M. Stivo ad incrociare i due sentieri 666 e 666\/bis. Oppure si scende verso Vallestr\u00e8 attraverso il sentiero n.\u00b0 666, si incrocia il sentiero n.\u00b0 668 che sale da Massone, Troiana e poi ci si avvia verso la vetta dello Stivo. Il sentiero 666\/bis invece mantenendosi pi\u00f9 basso va a sbucare sul versante Sud della montagna e giunge nei pressi della Malga dello Stivo. Di qui si pu\u00f2 raggiungere il rifugio e la vetta.<\/p>\n","protected":false},"excerpt":{"rendered":"<p>Una variante all\u2019itinerario appena illustrato \u00e8 il seguente. Arrivati a Malga Campo si imbocca sulla destra una strada sterrata che serpeggia in mezzo a prati entro cui troneggiano magnifici esemplari di faggio. Si passa accanto a Malga Pedrini; poi la strada comincia a salire nel bosco. Percorsi alcuni tornanti e superato un ripido tratto in &hellip; <a href=\"https:\/\/www.arco.org\/?page_id=245\" class=\"more-link\">Continua a leggere <span class=\"screen-reader-text\">Malga Campo, Vallestr\u00e8, Stivo<\/span><\/a><\/p>\n","protected":false},"author":1,"featured_media":0,"parent":236,"menu_order":0,"comment_status":"closed","ping_status":"closed","template":"","meta":[],"_links":{"self":[{"href":"https:\/\/www.arco.org\/index.php?rest_route=\/wp\/v2\/pages\/245"}],"collection":[{"href":"https:\/\/www.arco.org\/index.php?rest_route=\/wp\/v2\/pages"}],"about":[{"href":"https:\/\/www.arco.org\/index.php?rest_route=\/wp\/v2\/types\/page"}],"author":[{"embeddable":true,"href":"https:\/\/www.arco.org\/index.php?rest_route=\/wp\/v2\/users\/1"}],"replies":[{"embeddable":true,"href":"https:\/\/www.arco.org\/index.php?rest_route=%2Fwp%2Fv2%2Fcomments&post=245"}],"version-history":[{"count":2,"href":"https:\/\/www.arco.org\/index.php?rest_route=\/wp\/v2\/pages\/245\/revisions"}],"predecessor-version":[{"id":391,"href":"https:\/\/www.arco.org\/index.php?rest_route=\/wp\/v2\/pages\/245\/revisions\/391"}],"up":[{"embeddable":true,"href":"https:\/\/www.arco.org\/index.php?rest_route=\/wp\/v2\/pages\/236"}],"wp:attachment":[{"href":"https:\/\/www.arco.org\/index.php?rest_route=%2Fwp%2Fv2%2Fmedia&parent=245"}],"curies":[{"name":"wp","href":"https:\/\/api.w.org\/{rel}","templated":true}]}}