{"id":251,"date":"2016-05-29T18:45:42","date_gmt":"2016-05-29T16:45:42","guid":{"rendered":"http:\/\/arco.org\/?page_id=251"},"modified":"2016-06-06T14:32:43","modified_gmt":"2016-06-06T12:32:43","slug":"larrampicata-sportiva-e-il-rock-master","status":"publish","type":"page","link":"https:\/\/www.arco.org\/?page_id=251","title":{"rendered":"L&#8217;arrampicata sportiva e il Rock Master"},"content":{"rendered":"<p>\u00c8 da circa dieci anni che sulle pareti rocciose del Basso Sarca si muovono, come ragni multicolori, numerosissimi freeclimbers italiani ed esteri. A partire dal 1990 l\u2019arrampicata libera \u00e8 diventata quasi uno sport di massa per il Basso Sarca.<\/p>\n<p><img loading=\"lazy\" class=\"alignnone size-full wp-image-826\" src=\"http:\/\/arco.org\/wp-content\/uploads\/2016\/05\/rockmaster1.jpg\" alt=\"rockmaster1\" width=\"250\" height=\"161\" \/> <img loading=\"lazy\" class=\"alignnone size-medium wp-image-827\" src=\"http:\/\/arco.org\/wp-content\/uploads\/2016\/05\/rockmaster2.jpg\" alt=\"rockmaster2\" width=\"163\" height=\"227\" \/> <img loading=\"lazy\" class=\"alignnone size-medium wp-image-828\" src=\"http:\/\/arco.org\/wp-content\/uploads\/2016\/05\/rockmaster3.jpg\" alt=\"rockmaster3\" width=\"167\" height=\"228\" \/> <img loading=\"lazy\" class=\"alignnone size-medium wp-image-829\" src=\"http:\/\/arco.org\/wp-content\/uploads\/2016\/05\/rockmaster4.jpg\" alt=\"rockmaster4\" width=\"241\" height=\"257\" \/><\/p>\n<p>Occorre tener conto per\u00f2 che quasi il 75% dei praticanti \u00e8 straniero; ad Arco essi trovano condizioni ambientali e climatiche che favoriscono l\u2019arrampicata in tutti i mesi dell\u2019anno.<\/p>\n<p>Nel 1987 si \u00e8 organizzata ad Arco, per la prima volta, la manifestazione sportiva denominata \u201cRock Master\u201d, una gara ad invito riservata ai migliori specialisti del mondo. Inizialmente la competizione si svolgeva su una parete rocciosa in localit\u00e0 Prabi; poi, anche per ragioni di sicurezza, \u00e8 stata allestita una parete artificiale alta 24 metri, nella stessa localit\u00e0. Costruita con strutture metalliche e pannelli in fibra di vetro, \u00e8 una dei pi\u00f9 imponenti impianti artificiali per l\u2019arrampicata esistenti al mondo.<\/p>\n<p>La manifestazione si svolge in due giornate, solitamente nel mese di settembre. Gli organizzatori tracciano due itinerari che presentano difficolt\u00e0 estreme. Gli atleti (maschi e femmine) hanno la possibilit\u00e0 di provare un tracciato, mentre l\u2019altro rimane segreto. Attingendo a tutte le proprie risorse cercano di superare se stessi nell\u2019arrivare in vetta alla parete. Il pubblico numerosissimo segue, naso all\u2019ins\u00f9, i tentativi dei propri beniamini, condividendo emotivamente la loro gioia o la loro delusione.<\/p>\n<p>Per chi volesse praticare il freeclimbing nel territorio del comune di Arco vi sono diverse palestre di roccia: le pareti del Collodri, i liscioni del M. Baone e la palestra Policromuro. Soprattutto quest\u2019ultima offre la possibilit\u00e0 di cimentarsi lungo percorsi che presentano difficolt\u00e0 sempre pi\u00f9 impegnative. Immersa nell\u2019olivaia sopra l\u2019abitato di S. Martino, questa dorsale rocciosa presenta una parete che, con un crescendo armonico, si eleva sempre pi\u00f9 fino a giungere alle cave di pietra statuaria.<\/p>\n<p>Gli atleti si muovono in sicurezza lungo \u201cvie\u201d tracciate da esperti che hanno fissato nella roccia anelli cui potersi agganciare nella salita. Solitamente gli arrampicatori sono assistiti da un collega alla base della parete. Anche per chi non \u00e8 appassionato di questo sport, il vedere arrampicare contemporaneamente decine di freeclimbers su queste rocce dalle cento sfumature cromatiche, rappresenta realmente uno spettacolo estremamente avvincente.<\/p>\n<p>Negli ultimi anni \u00e8 stato approntata, ai piedi del \u201cPolicromuro\u201d, un\u2019area per la sosta cos\u00ec da permettere che la presenza di tanti atleti ben si integri con il paesaggio dell\u2019olivaia.<\/p>\n","protected":false},"excerpt":{"rendered":"<p>\u00c8 da circa dieci anni che sulle pareti rocciose del Basso Sarca si muovono, come ragni multicolori, numerosissimi freeclimbers italiani ed esteri. A partire dal 1990 l\u2019arrampicata libera \u00e8 diventata quasi uno sport di massa per il Basso Sarca. Occorre tener conto per\u00f2 che quasi il 75% dei praticanti \u00e8 straniero; ad Arco essi trovano &hellip; <a href=\"https:\/\/www.arco.org\/?page_id=251\" class=\"more-link\">Continua a leggere <span class=\"screen-reader-text\">L&#8217;arrampicata sportiva e il Rock Master<\/span><\/a><\/p>\n","protected":false},"author":1,"featured_media":0,"parent":249,"menu_order":0,"comment_status":"closed","ping_status":"closed","template":"","meta":[],"_links":{"self":[{"href":"https:\/\/www.arco.org\/index.php?rest_route=\/wp\/v2\/pages\/251"}],"collection":[{"href":"https:\/\/www.arco.org\/index.php?rest_route=\/wp\/v2\/pages"}],"about":[{"href":"https:\/\/www.arco.org\/index.php?rest_route=\/wp\/v2\/types\/page"}],"author":[{"embeddable":true,"href":"https:\/\/www.arco.org\/index.php?rest_route=\/wp\/v2\/users\/1"}],"replies":[{"embeddable":true,"href":"https:\/\/www.arco.org\/index.php?rest_route=%2Fwp%2Fv2%2Fcomments&post=251"}],"version-history":[{"count":5,"href":"https:\/\/www.arco.org\/index.php?rest_route=\/wp\/v2\/pages\/251\/revisions"}],"predecessor-version":[{"id":831,"href":"https:\/\/www.arco.org\/index.php?rest_route=\/wp\/v2\/pages\/251\/revisions\/831"}],"up":[{"embeddable":true,"href":"https:\/\/www.arco.org\/index.php?rest_route=\/wp\/v2\/pages\/249"}],"wp:attachment":[{"href":"https:\/\/www.arco.org\/index.php?rest_route=%2Fwp%2Fv2%2Fmedia&parent=251"}],"curies":[{"name":"wp","href":"https:\/\/api.w.org\/{rel}","templated":true}]}}