{"id":255,"date":"2016-05-29T18:46:52","date_gmt":"2016-05-29T16:46:52","guid":{"rendered":"http:\/\/arco.org\/?page_id=255"},"modified":"2016-06-06T14:34:54","modified_gmt":"2016-06-06T12:34:54","slug":"ciclismo-e-mountain-bike","status":"publish","type":"page","link":"https:\/\/www.arco.org\/?page_id=255","title":{"rendered":"Ciclismo e Mountain Bike"},"content":{"rendered":"<p>Sempre nei mesi invernali non \u00e8 infrequente vedere ad Arco qualche squadra ciclistica in ritiro, per la preparazione atletica in vista della riapertura della stagione agonistica. Arco offre un clima mite e quindi la possibilit\u00e0 di effettuare uscite in condizioni ambientali non penalizzanti. Inoltre il territorio presenta ai professionisti del pedale l\u2019opportunit\u00e0 di cimentarsi su percorsi ben diversificati (pianura, collina, montagna), tutti collocati in un ambito molto ristretto.<\/p>\n<p><img loading=\"lazy\" class=\"alignnone size-medium wp-image-835\" src=\"http:\/\/arco.org\/wp-content\/uploads\/2016\/05\/ciclismo1-300x183.jpg\" alt=\"ciclismo1\" width=\"300\" height=\"183\" srcset=\"https:\/\/www.arco.org\/wp-content\/uploads\/2016\/05\/ciclismo1-300x183.jpg 300w, https:\/\/www.arco.org\/wp-content\/uploads\/2016\/05\/ciclismo1.jpg 307w\" sizes=\"(max-width: 300px) 100vw, 300px\" \/> <img loading=\"lazy\" class=\"alignnone size-medium wp-image-836\" src=\"http:\/\/arco.org\/wp-content\/uploads\/2016\/05\/mountainbike.jpg\" alt=\"mountainbike\" width=\"215\" height=\"186\" \/><\/p>\n<p>Rimanendo in tema di ciclismo va ricordata la presenza massiccia, in tutti i mesi dell\u2019anno, sulle strade e sui sentieri del comune di Arco degli appassionati di mountain bike.<\/p>\n<p>\u00c8 uno sport sempre pi\u00f9 diffuso, praticato con mezzi che permettono di superare asperit\u00e0 di ogni tipo. Il Basso Sarca inoltre fornisce a questi sportivi un\u2019assistenza tecnica di qualit\u00e0. Gli itinerari che sono stati descritti in questa guida sono quasi tutti alla portata di chi pratica il mountain bike. Esistono comunque guide specifiche per questi sportivi: vengono citate nell\u2019appendice bibliografica di questa pubblicazione.<\/p>\n<p>Ma, qualsiasi itinerario si scelga di compiere, importante sar\u00e0 rispettare la natura e tener presente che sulla via che si sta percorrendo si possono incontrare altre persone o mezzi. Un po\u2019 di attenzione nel praticare questo sport eviter\u00e0 a tutti spiacevoli conseguenze.<br \/>\n<strong><em>Attenzione perch\u00e9 alcuni sentieri sono interdetti alle bici.<\/em><\/strong><\/p>\n<p>&nbsp;<\/p>\n","protected":false},"excerpt":{"rendered":"<p>Sempre nei mesi invernali non \u00e8 infrequente vedere ad Arco qualche squadra ciclistica in ritiro, per la preparazione atletica in vista della riapertura della stagione agonistica. Arco offre un clima mite e quindi la possibilit\u00e0 di effettuare uscite in condizioni ambientali non penalizzanti. Inoltre il territorio presenta ai professionisti del pedale l\u2019opportunit\u00e0 di cimentarsi su &hellip; <a href=\"https:\/\/www.arco.org\/?page_id=255\" class=\"more-link\">Continua a leggere <span class=\"screen-reader-text\">Ciclismo e Mountain Bike<\/span><\/a><\/p>\n","protected":false},"author":1,"featured_media":0,"parent":249,"menu_order":0,"comment_status":"closed","ping_status":"closed","template":"","meta":[],"_links":{"self":[{"href":"https:\/\/www.arco.org\/index.php?rest_route=\/wp\/v2\/pages\/255"}],"collection":[{"href":"https:\/\/www.arco.org\/index.php?rest_route=\/wp\/v2\/pages"}],"about":[{"href":"https:\/\/www.arco.org\/index.php?rest_route=\/wp\/v2\/types\/page"}],"author":[{"embeddable":true,"href":"https:\/\/www.arco.org\/index.php?rest_route=\/wp\/v2\/users\/1"}],"replies":[{"embeddable":true,"href":"https:\/\/www.arco.org\/index.php?rest_route=%2Fwp%2Fv2%2Fcomments&post=255"}],"version-history":[{"count":5,"href":"https:\/\/www.arco.org\/index.php?rest_route=\/wp\/v2\/pages\/255\/revisions"}],"predecessor-version":[{"id":837,"href":"https:\/\/www.arco.org\/index.php?rest_route=\/wp\/v2\/pages\/255\/revisions\/837"}],"up":[{"embeddable":true,"href":"https:\/\/www.arco.org\/index.php?rest_route=\/wp\/v2\/pages\/249"}],"wp:attachment":[{"href":"https:\/\/www.arco.org\/index.php?rest_route=%2Fwp%2Fv2%2Fmedia&parent=255"}],"curies":[{"name":"wp","href":"https:\/\/api.w.org\/{rel}","templated":true}]}}