{"id":259,"date":"2016-05-29T18:47:34","date_gmt":"2016-05-29T16:47:34","guid":{"rendered":"http:\/\/arco.org\/?page_id=259"},"modified":"2016-06-06T14:36:41","modified_gmt":"2016-06-06T12:36:41","slug":"a-cavallo-a-contatto-con-la-natura","status":"publish","type":"page","link":"https:\/\/www.arco.org\/?page_id=259","title":{"rendered":"A cavallo a contatto con la natura"},"content":{"rendered":"<p>Si \u00e8 gi\u00e0 detto nella premessa agli itinerari descritti in questa pubblicazione che il cavallo \u00e8 uno dei mezzi (ma il termine \u00e8 improprio!) per potersi muovere con grande soddisfazione personale nell\u2019ambiente di Arco. Il cavallo \u00e8 ben pi\u00f9 che un \u201cmezzo\u201d, \u00e8 un amico dell\u2019uomo; andare a cavallo \u00e8 portare la natura dentro la natura. Il cavalcare per strade perdute nei boschi, fra le balze rocciose o sui sentieri che si insinuano nei prati ci aiuta a riportarci entro una dimensione del vivere impregnata di un sapore antico, che rievoca epoche non proprio lontane in cui il cavallo era l\u2019aiuto indispensabile all\u2019uomo per raggiungere le sue mete. Andare a cavallo, in questo modo, rende oltretutto pi\u00f9 naturali quei momenti di vita, li riconduce (li obbliga quasi) entro ritmi vivibili, in cui si dimentica l\u2019affanno del rincorrere quotidianamente qualcosa che sembra immancabilmente sfuggirci.<\/p>\n<p><img loading=\"lazy\" class=\"alignnone size-full wp-image-838\" src=\"http:\/\/arco.org\/wp-content\/uploads\/2016\/05\/bassosarcavalli1.jpg\" alt=\"bassosarcavalli1\" width=\"200\" height=\"191\" \/> <img loading=\"lazy\" class=\"alignnone size-medium wp-image-839\" src=\"http:\/\/arco.org\/wp-content\/uploads\/2016\/05\/bassosarcavalli2.jpg\" alt=\"bassosarcavalli2\" width=\"200\" height=\"189\" \/> <img loading=\"lazy\" class=\"alignnone size-medium wp-image-840\" src=\"http:\/\/arco.org\/wp-content\/uploads\/2016\/05\/bassosarcavalli3-300x278.jpg\" alt=\"bassosarcavalli3\" width=\"300\" height=\"278\" srcset=\"https:\/\/www.arco.org\/wp-content\/uploads\/2016\/05\/bassosarcavalli3-300x278.jpg 300w, https:\/\/www.arco.org\/wp-content\/uploads\/2016\/05\/bassosarcavalli3.jpg 331w\" sizes=\"(max-width: 300px) 100vw, 300px\" \/><\/p>\n<p>Nel 1993 un gruppo di amici con la comune passione per il cavallo, ed in particolare per l\u2019equitazione da campagna e per il trekking, fonda il Club Basso Sarca Cavalli. La finalit\u00e0 pi\u00f9 significativa per cui questo club \u00e8 sorto \u00e8 quella di diffondere la pratica e diffusione degli sport equestri e del turismo equestre. Per i soci e per gli appassionati che vogliono avvicinarsi all\u2019equitazione, l\u2019associazione organizza innanzitutto escursioni in campagna e in montagna della durata di una giornata o di qualche ora. Si promuovono inoltre esperienze di trekking che impegnano i partecipanti per due o pi\u00f9 giorni; i percorsi seguono antichi sentieri immersi nel silenzio; si fa riferimento solitamente a malghe per il pernottamento. Si organizzano infine gare di fondo finalizzate ad una pi\u00f9 approfondita conoscenza delle possibilit\u00e0 e dei limiti del cavallo, oltre che del territorio che si deve affrontare. Tutto ci\u00f2 permette di acquisire l\u2019esperienza necessaria che consente il giusto impiego delle andature per non superare mai i limiti della tollerabilit\u00e0 sia da parte del cavallo che del cavaliere.<\/p>\n<p>Per chi volesse migliorare il proprio assetto e la sicurezza nel cavalcare il Club Basso Sarca Cavalli organizza anche corsi di monta americana. Un servizio assai prezioso che l\u2019associazione del Basso Sarca fornisce \u00e8 quello dell\u2019ospitalit\u00e0, per qualche giorno, di cavalli appartenenti ad appassionati che volessero trascorrere periodi di ferie nella zona. Si dovr\u00e0 in questo caso prendere contatti con il club, scrivendo alla casella postale aperta presso l\u2019Ufficio Postale di Arco oppure telefonando ai numeri 0464\/517231 &#8211; 532013.<\/p>\n<p>Gli itinerari che si possono compiere a cavallo nel territorio del comune di Arco sono molti e rientrano quasi tutti in quelli esposti nelle pagine precedenti. Si illustrer\u00e0 qui in aggiunta un percorso comprensoriale di ippotrekking, un meraviglioso anello che porta a scoprire tutto il versante Est delle montagne del Basso Sarca.<\/p>\n<p>Il punto di partenza viene stabilito presso il ristorante \u201cLa Casina\u201d nei pressi di Drena. Ci si avvia quindi per una strada sterrata che porta verso Braila, frazione del Comune di Arco. L\u2019ultimo tratto, prima di arrivare al paesino, viene compiuto su strada asfaltata. Giunti a Braila, si sale, su strada sterrata, verso Carobbi. Arrivati al gruppo di case si prende a sinistra la strada forestale per Vallestr\u00e8. Giunti in localit\u00e0 \u201cFalpiano\u201d, dopo la stanga, si pu\u00f2 imboccare un sentiero che porta alla malga di Drena: si arriva cos\u00ec alla zona delle malghe. Passando accanto a Malga Campo, a Malga Pedrini, si giunge alla malga di Vallestr\u00e8. A quota 1478 parte un sentiero che superando lo spigolo di Sud Ovest del M. Stivo si affaccia poi sulla \u201cBusa\u201d fino ad arrivare, pianeggiante, alla Malga dello Stivo. Di qua si discende verso Malga Castil, si giunge in localit\u00e0 Schivazappa e poi, su strada asfaltata, si arriva alla Capanna dell\u2019Alpino di Monte Velo.<\/p>\n","protected":false},"excerpt":{"rendered":"<p>Si \u00e8 gi\u00e0 detto nella premessa agli itinerari descritti in questa pubblicazione che il cavallo \u00e8 uno dei mezzi (ma il termine \u00e8 improprio!) per potersi muovere con grande soddisfazione personale nell\u2019ambiente di Arco. Il cavallo \u00e8 ben pi\u00f9 che un \u201cmezzo\u201d, \u00e8 un amico dell\u2019uomo; andare a cavallo \u00e8 portare la natura dentro la &hellip; <a href=\"https:\/\/www.arco.org\/?page_id=259\" class=\"more-link\">Continua a leggere <span class=\"screen-reader-text\">A cavallo a contatto con la natura<\/span><\/a><\/p>\n","protected":false},"author":1,"featured_media":0,"parent":249,"menu_order":0,"comment_status":"closed","ping_status":"closed","template":"","meta":[],"_links":{"self":[{"href":"https:\/\/www.arco.org\/index.php?rest_route=\/wp\/v2\/pages\/259"}],"collection":[{"href":"https:\/\/www.arco.org\/index.php?rest_route=\/wp\/v2\/pages"}],"about":[{"href":"https:\/\/www.arco.org\/index.php?rest_route=\/wp\/v2\/types\/page"}],"author":[{"embeddable":true,"href":"https:\/\/www.arco.org\/index.php?rest_route=\/wp\/v2\/users\/1"}],"replies":[{"embeddable":true,"href":"https:\/\/www.arco.org\/index.php?rest_route=%2Fwp%2Fv2%2Fcomments&post=259"}],"version-history":[{"count":3,"href":"https:\/\/www.arco.org\/index.php?rest_route=\/wp\/v2\/pages\/259\/revisions"}],"predecessor-version":[{"id":841,"href":"https:\/\/www.arco.org\/index.php?rest_route=\/wp\/v2\/pages\/259\/revisions\/841"}],"up":[{"embeddable":true,"href":"https:\/\/www.arco.org\/index.php?rest_route=\/wp\/v2\/pages\/249"}],"wp:attachment":[{"href":"https:\/\/www.arco.org\/index.php?rest_route=%2Fwp%2Fv2%2Fmedia&parent=259"}],"curies":[{"name":"wp","href":"https:\/\/api.w.org\/{rel}","templated":true}]}}