{"id":2604,"date":"2024-09-13T16:09:26","date_gmt":"2024-09-13T14:09:26","guid":{"rendered":"http:\/\/www.arco.org\/?page_id=2604"},"modified":"2024-09-13T17:15:16","modified_gmt":"2024-09-13T15:15:16","slug":"prova","status":"publish","type":"page","link":"https:\/\/www.arco.org\/?page_id=2604","title":{"rendered":"407A Pr. Bocca di Tovo &#8211; S.Giovanni"},"content":{"rendered":"\n<p>Nuovo sentiero SAT tracciato nel 2017. Permette di raggiungere il monte Biaina da sud e poi scendere a S.Giovanni oppure ritornare al punto di partenza della Bocca di Tovo. Impegnativo nella parte iniziale. Per raggiungere la partenza del sentiero, nei presso dopo la Bocca di T\u00f3vo, da Arco, si percorre la strada provinciale per S. Giovanni al Monte. Dopo il caratteristico abitato di Padaro, all\u2019altezza del Doss del Cl\u00e9f, sulla sinistra parte la strada forestale del Bia\u00ecna (divieto di transito ai mezzi non autorizzati). Ora percorrendo la strada forestale, dopo la Bocca di T\u00f3vo, all\u2019incrocio con i sentieri 407 e 409, inizia il ns. itinerario. Si segue la strada ancora per un breve tratto e si arriva nei pressi di una radura da cui si pu\u00f2&nbsp; godere della vista&nbsp; del Sommolago. Il sentiero entra nel bosco a sx&nbsp; e sale in ripide curve fino a&nbsp; poco prima del crinale. Prestando molta attenzione a non perdere il sentiero per la fitta vegetazione, il nostro cammino diventa pi\u00f9 agile e l\u2019occhio spazia in alcuni tratti sulla parete rocciosa del monte Misone.<\/p>\n\n\n<a href=\"https:\/\/www.arco.org\/wp-content\/uploads\/2024\/09\/407A.pdf\" class=\"pdfemb-viewer\" style=\"\" data-width=\"max\" data-height=\"max\"  data-toolbar=\"bottom\" data-toolbar-fixed=\"off\">407A<br\/><\/a>\n<p class=\"wp-block-pdfemb-pdf-embedder-viewer\"><\/p>\n\n\n\n<p><a rel=\"noreferrer noopener\" href=\"https:\/\/www.komoot.com\/it-it\/tour\/1854941509?share_token=a7iyqbcbiqYJrpjIJ8X9tXFhsGkivWWDmJdgtRMEvPvp9usoNU&amp;ref=wtd\" data-type=\"URL\" data-id=\"https:\/\/www.komoot.com\/it-it\/tour\/1854941509?share_token=a7iyqbcbiqYJrpjIJ8X9tXFhsGkivWWDmJdgtRMEvPvp9usoNU&amp;ref=wtd\" target=\"_blank\"> VISUALIZZA IL PERCORSO CON KOMOOT E SCARICA LA TRACCIA <\/a><\/p>\n","protected":false},"excerpt":{"rendered":"<p>Nuovo sentiero SAT tracciato nel 2017. Permette di raggiungere il monte Biaina da sud e poi scendere a S.Giovanni oppure ritornare al punto di partenza della Bocca di Tovo. Impegnativo nella parte iniziale. Per raggiungere la partenza del sentiero, nei presso dopo la Bocca di T\u00f3vo, da Arco, si percorre la strada provinciale per S. &hellip; <a href=\"https:\/\/www.arco.org\/?page_id=2604\" class=\"more-link\">Continua a leggere <span class=\"screen-reader-text\">407A Pr. Bocca di Tovo &#8211; S.Giovanni<\/span><\/a><\/p>\n","protected":false},"author":1,"featured_media":0,"parent":1993,"menu_order":0,"comment_status":"closed","ping_status":"closed","template":"","meta":[],"_links":{"self":[{"href":"https:\/\/www.arco.org\/index.php?rest_route=\/wp\/v2\/pages\/2604"}],"collection":[{"href":"https:\/\/www.arco.org\/index.php?rest_route=\/wp\/v2\/pages"}],"about":[{"href":"https:\/\/www.arco.org\/index.php?rest_route=\/wp\/v2\/types\/page"}],"author":[{"embeddable":true,"href":"https:\/\/www.arco.org\/index.php?rest_route=\/wp\/v2\/users\/1"}],"replies":[{"embeddable":true,"href":"https:\/\/www.arco.org\/index.php?rest_route=%2Fwp%2Fv2%2Fcomments&post=2604"}],"version-history":[{"count":15,"href":"https:\/\/www.arco.org\/index.php?rest_route=\/wp\/v2\/pages\/2604\/revisions"}],"predecessor-version":[{"id":2646,"href":"https:\/\/www.arco.org\/index.php?rest_route=\/wp\/v2\/pages\/2604\/revisions\/2646"}],"up":[{"embeddable":true,"href":"https:\/\/www.arco.org\/index.php?rest_route=\/wp\/v2\/pages\/1993"}],"wp:attachment":[{"href":"https:\/\/www.arco.org\/index.php?rest_route=%2Fwp%2Fv2%2Fmedia&parent=2604"}],"curies":[{"name":"wp","href":"https:\/\/api.w.org\/{rel}","templated":true}]}}