{"id":263,"date":"2016-05-29T18:48:17","date_gmt":"2016-05-29T16:48:17","guid":{"rendered":"http:\/\/arco.org\/?page_id=263"},"modified":"2016-06-06T14:37:45","modified_gmt":"2016-06-06T12:37:45","slug":"strutture-sportive","status":"publish","type":"page","link":"https:\/\/www.arco.org\/?page_id=263","title":{"rendered":"Strutture sportive"},"content":{"rendered":"<p>Si \u00e8 gi\u00e0 detto che in localit\u00e0 Prabi vi sono diverse strutture sportive. Poco distante dall\u2019area con la parete artificiale per l\u2019arrampicata, si trova la piscina olimpica, recentemente rinnovata nelle sue strutture. Vi sono due vasche; una di dimensioni regolari, anche per lo svolgimento di competizioni sportive, l\u2019altra adatta a piccoli nuotatori. Tutt\u2019attorno vi sono ampi spazi verdi e lastricati, che consentono momenti di relax in piena comodit\u00e0. Per gli appassionati del tennis vi sono i campi del Circolo Tennis Arco, in via Garberie, nei pressi del Viale delle Palme. I campi di gioco sono collocati in un\u2019area verde con vialetti e panchine, e tutto questo rende piacevole anche il sostare per ammirare gli sportivi mentre giocano.D\u2019inverno i campi vengono coperti.<\/p>\n<p><img loading=\"lazy\" class=\"alignnone size-full wp-image-842\" src=\"http:\/\/arco.org\/wp-content\/uploads\/2016\/05\/piscina.jpg\" alt=\"piscina\" width=\"288\" height=\"192\" \/> <img loading=\"lazy\" class=\"alignnone size-medium wp-image-843\" src=\"http:\/\/arco.org\/wp-content\/uploads\/2016\/05\/tennis.jpg\" alt=\"tennis\" width=\"286\" height=\"183\" \/><\/p>\n<p>In via Pomerio si trova lo stadio comunale. Attorno al rettangolo di gioco, sono state realizzate le piste e le pedane per l\u2019atletica.<\/p>\n<p>In conclusione si pu\u00f2 ben dire che l\u2019ambiente di Arco offre mille occasioni per fare sport, anche in termini non competitivi e per semplice mantenimento della forma fisica. E\u2019 soprattutto calandosi in quest\u2019ultima dimensione che si riuscir\u00e0 cogliere ci\u00f2 che di suggestivo l\u2019ambiente di Arco presenta.<\/p>\n","protected":false},"excerpt":{"rendered":"<p>Si \u00e8 gi\u00e0 detto che in localit\u00e0 Prabi vi sono diverse strutture sportive. Poco distante dall\u2019area con la parete artificiale per l\u2019arrampicata, si trova la piscina olimpica, recentemente rinnovata nelle sue strutture. Vi sono due vasche; una di dimensioni regolari, anche per lo svolgimento di competizioni sportive, l\u2019altra adatta a piccoli nuotatori. Tutt\u2019attorno vi sono &hellip; <a href=\"https:\/\/www.arco.org\/?page_id=263\" class=\"more-link\">Continua a leggere <span class=\"screen-reader-text\">Strutture sportive<\/span><\/a><\/p>\n","protected":false},"author":1,"featured_media":0,"parent":249,"menu_order":0,"comment_status":"closed","ping_status":"closed","template":"","meta":[],"_links":{"self":[{"href":"https:\/\/www.arco.org\/index.php?rest_route=\/wp\/v2\/pages\/263"}],"collection":[{"href":"https:\/\/www.arco.org\/index.php?rest_route=\/wp\/v2\/pages"}],"about":[{"href":"https:\/\/www.arco.org\/index.php?rest_route=\/wp\/v2\/types\/page"}],"author":[{"embeddable":true,"href":"https:\/\/www.arco.org\/index.php?rest_route=\/wp\/v2\/users\/1"}],"replies":[{"embeddable":true,"href":"https:\/\/www.arco.org\/index.php?rest_route=%2Fwp%2Fv2%2Fcomments&post=263"}],"version-history":[{"count":3,"href":"https:\/\/www.arco.org\/index.php?rest_route=\/wp\/v2\/pages\/263\/revisions"}],"predecessor-version":[{"id":844,"href":"https:\/\/www.arco.org\/index.php?rest_route=\/wp\/v2\/pages\/263\/revisions\/844"}],"up":[{"embeddable":true,"href":"https:\/\/www.arco.org\/index.php?rest_route=\/wp\/v2\/pages\/249"}],"wp:attachment":[{"href":"https:\/\/www.arco.org\/index.php?rest_route=%2Fwp%2Fv2%2Fmedia&parent=263"}],"curies":[{"name":"wp","href":"https:\/\/api.w.org\/{rel}","templated":true}]}}