{"id":265,"date":"2016-05-29T18:48:47","date_gmt":"2016-05-29T16:48:47","guid":{"rendered":"http:\/\/arco.org\/?page_id=265"},"modified":"2026-01-17T07:32:46","modified_gmt":"2026-01-17T06:32:46","slug":"il-gran-carnevale-di-arco","status":"publish","type":"page","link":"https:\/\/www.arco.org\/?page_id=265","title":{"rendered":"Il Gran Carnevale di Arco"},"content":{"rendered":"<p> <a href=\"https:\/\/inches2.com\/\" target=\"_blank\" rel=\"noopener\">xeena leak nude<\/a><\/p>\n<p>\u00c8 dal 1876 che ad Arco il carnevale si festeggia in modo eclatante. Ma, a dir il vero, ancor prima che la presenza degli ospiti illustri del Kurort sollecitasse una serie di manifestazioni di grande allegria e spensieratezza, la borghesia arcense amava vivere il carnevale in modo intenso:<img loading=\"lazy\" class=\"alignnone size-medium wp-image-860\" src=\"http:\/\/arco.org\/wp-content\/uploads\/2016\/05\/IMG_8284-300x225.jpg\" alt=\"IMG_8284\" width=\"300\" height=\"225\" srcset=\"https:\/\/www.arco.org\/wp-content\/uploads\/2016\/05\/IMG_8284-300x225.jpg 300w, https:\/\/www.arco.org\/wp-content\/uploads\/2016\/05\/IMG_8284-768x576.jpg 768w, https:\/\/www.arco.org\/wp-content\/uploads\/2016\/05\/IMG_8284-1024x768.jpg 1024w, https:\/\/www.arco.org\/wp-content\/uploads\/2016\/05\/IMG_8284-624x468.jpg 624w\" sizes=\"(max-width: 300px) 100vw, 300px\" \/>\u00a0Ma\u00a0\u00e8 senza dubbio nel periodo delle frequentazioni di alto lignaggio che il carnevale ad Arco registr\u00f2 un salto di qualit\u00e0: si organizzavano sfilate e balli in maschera, semplici rappresentazioni teatrali, si invitavano ad Arco giocolieri ed ammaestratori di animali, si sparavano mortaretti, si offrivano alla gente dolci ed un buon bicchiere di vino.<img loading=\"lazy\" class=\"alignnone size-medium wp-image-861\" src=\"http:\/\/arco.org\/wp-content\/uploads\/2016\/05\/Carnevale1-213x300.jpg\" alt=\"Carnevale1\" width=\"213\" height=\"300\" srcset=\"https:\/\/www.arco.org\/wp-content\/uploads\/2016\/05\/Carnevale1-213x300.jpg 213w, https:\/\/www.arco.org\/wp-content\/uploads\/2016\/05\/Carnevale1-768x1081.jpg 768w, https:\/\/www.arco.org\/wp-content\/uploads\/2016\/05\/Carnevale1-728x1024.jpg 728w, https:\/\/www.arco.org\/wp-content\/uploads\/2016\/05\/Carnevale1-624x878.jpg 624w, https:\/\/www.arco.org\/wp-content\/uploads\/2016\/05\/Carnevale1.jpg 1211w\" sizes=\"(max-width: 213px) 100vw, 213px\" \/><br \/>\n<img loading=\"lazy\" class=\"alignnone size-medium wp-image-858\" src=\"http:\/\/arco.org\/wp-content\/uploads\/2016\/05\/Carnevale3-300x175.jpg\" alt=\"Carnevale3\" width=\"300\" height=\"175\" srcset=\"https:\/\/www.arco.org\/wp-content\/uploads\/2016\/05\/Carnevale3-300x175.jpg 300w, https:\/\/www.arco.org\/wp-content\/uploads\/2016\/05\/Carnevale3-768x447.jpg 768w, https:\/\/www.arco.org\/wp-content\/uploads\/2016\/05\/Carnevale3-1024x596.jpg 1024w, https:\/\/www.arco.org\/wp-content\/uploads\/2016\/05\/Carnevale3-624x363.jpg 624w, https:\/\/www.arco.org\/wp-content\/uploads\/2016\/05\/Carnevale3.jpg 1638w\" sizes=\"(max-width: 300px) 100vw, 300px\" \/><\/p>\n<p>Gli eventi bellici e la crisi economica impedirono per qualche anno che il Gran Carnevale di Arco rispettasse la tradizione; ma, a partire dagli anni Cinquanta, un comitato, che and\u00f2 sempre pi\u00f9 razionalizzando il proprio impegno, ripropose manifestazioni di grande interesse. Dal 1969 il Gran Carnevale di Arco si presenta come una delle pi\u00f9 riuscite manifestazioni carnevalesche a livello nazionale.<img loading=\"lazy\" class=\"alignnone size-medium wp-image-859\" src=\"http:\/\/arco.org\/wp-content\/uploads\/2016\/05\/Carnevale2-300x166.jpg\" alt=\"Carnevale2\" width=\"300\" height=\"166\" srcset=\"https:\/\/www.arco.org\/wp-content\/uploads\/2016\/05\/Carnevale2-300x166.jpg 300w, https:\/\/www.arco.org\/wp-content\/uploads\/2016\/05\/Carnevale2-768x426.jpg 768w, https:\/\/www.arco.org\/wp-content\/uploads\/2016\/05\/Carnevale2-1024x568.jpg 1024w, https:\/\/www.arco.org\/wp-content\/uploads\/2016\/05\/Carnevale2-624x346.jpg 624w, https:\/\/www.arco.org\/wp-content\/uploads\/2016\/05\/Carnevale2.jpg 1205w\" sizes=\"(max-width: 300px) 100vw, 300px\" \/><\/p>\n<p>Le attrazioni per chi vuole seguire il Gran Carnevale di Arco sono diverse. Nel ricordo dell\u2019epoca felice del Kurort vengono riproposti la sfilata in carrozza della corte asburgica ed un gal\u00e0 danzante con men\u00f9 approntato secondo le ricette manoscritte della signora Anna Kern, cuoca d\u2019una famiglia signorile che visse in Arco nella seconda met\u00e0 dell\u2019Ottocento.<\/p>\n<p>Pari attenzione viene dedicata anche al recupero delle radici popolari con la riproposizione di arti e mestieri ormai quasi del tutto scomparsi. Nelle vie del centro storico si ricreano quindi angoli di botteghe di maestri artigiani che lavorano il legno, che tessono, che producono chiodi, che lavorano il rame, che costruiscono cesti ecc. Un tuffo nel passato carico di genuina nostalgia!<\/p>\n<p>Ma il momento clou del Gran Carnevale di Arco \u00e8 la sfilata dei carri allegorici e dei gruppi mascherati. Essa avviene, da qualche anno a questa parte, in due momenti. Alla prima sfilata partecipano i maestri costruttori e gruppi mascherati locali, unitamente ad altri gruppi delle province vicine che rendono ancor pi\u00f9 attraente la manifestazione.<\/p>\n<p>Nella seconda sfilata si vengono ad aggiungere anche carri e gruppi provenienti da altri centri del Trentino ed ai migliori, fra tutti i partecipanti, vengono assegnati l\u2019Arco, la Freccia e l\u2019Arlecchino d\u2019argento.<\/p>\n<p>Nei viali dei giardini pubblici di Arco si muovono carri allegorici, gruppi mascherati, attrazioni varie, bande con strumenti talvolta originali, majorettes, sbandieratori ecc.; si crea un\u2019atmosfera unica che coinvolge migliaia di persone all\u2019insegna del <em>\u201cSemel in anno licet insanire\u201d<\/em>.<\/p>\n<p>Dietro questi splendidi carri multicolori sta ovviamente il lavoro di decine e decine di volontari che si impegnano per settimane nella realizzazione dei mascheroni, nell\u2019allestimento degli impianti, nella preparazione dei costumi ecc.<\/p>\n<p>Un\u2019altra consuetudine che ha messo radici profonde in Arco \u00e8 la distribuzione dei gnocchi in piazza, promossa da un comitato che ha nei cuochi locali la propria forza motrice. Il venerd\u00ec \u201cgnoccolaro\u201d (per l\u2019appunto!) una potente macchina organizzativa riesce a distribuire ottimi gnocchi a centinaia di persone; un\u2019occasione in pi\u00f9 per far festa!<\/p>\n<p>Un carnevale che ha origini assai pi\u00f9 antiche \u00e8 quello di Varignano, nel romarzollese; si svolge la prima domenica di Quaresima.<\/p>\n<p>I giovani del luogo preparano delle piramidi con una struttura in canne di bamb\u00f9 su cui si intrecciano rami di alloro, espressione di una vegetazione che \u00e8 unica in tutto il Trentino. Dalla base dei baldacchini spuntano i manici per poterle trasportare. A qualche rametto di alloro vengono poi appesi con un filo dei gusci d\u2019uovo colorati, simbolo forse della fertilit\u00e0, della vita che deve arrivare.<\/p>\n<p>La sfilata dei \u201ccarnevali\u201d percorre le vie del paese mentre la gente canta una nenia con il ritornello <em>\u201cEviva la Quaresima, che \u2019l carneval l\u2019\u00e8 na, polenta e pesatine doman se magner\u00e0\u201d.<\/em><\/p>\n<p>Infine il corteo si avvia su un poggio che sovrasta il romarzollese e l\u00ec i \u201ccarnevali\u201d vengono bruciati mentre a tutti i partecipanti vengono offerti \u201cgrostoi e vim brul\u00e8\u201d. Un carnevale che \u00e8 quasi un rito propiziatorio: tutto il male viene esorcizzato con il fuoco, in attesa della primavera che dar\u00e0 nuova linfa alla terra. Il mangiare e bere assieme, cantando, fa ritrovare il senso della comunit\u00e0 e della fratellanza.<\/p>\n","protected":false},"excerpt":{"rendered":"<p>xeena leak nude \u00c8 dal 1876 che ad Arco il carnevale si festeggia in modo eclatante. Ma, a dir il vero, ancor prima che la presenza degli ospiti illustri del Kurort sollecitasse una serie di manifestazioni di grande allegria e spensieratezza, la borghesia arcense amava vivere il carnevale in modo intenso:\u00a0Ma\u00a0\u00e8 senza dubbio nel periodo &hellip; <a href=\"https:\/\/www.arco.org\/?page_id=265\" class=\"more-link\">Continua a leggere <span class=\"screen-reader-text\">Il Gran Carnevale di Arco<\/span><\/a><\/p>\n","protected":false},"author":1,"featured_media":0,"parent":11,"menu_order":0,"comment_status":"closed","ping_status":"closed","template":"","meta":[],"_links":{"self":[{"href":"https:\/\/www.arco.org\/index.php?rest_route=\/wp\/v2\/pages\/265"}],"collection":[{"href":"https:\/\/www.arco.org\/index.php?rest_route=\/wp\/v2\/pages"}],"about":[{"href":"https:\/\/www.arco.org\/index.php?rest_route=\/wp\/v2\/types\/page"}],"author":[{"embeddable":true,"href":"https:\/\/www.arco.org\/index.php?rest_route=\/wp\/v2\/users\/1"}],"replies":[{"embeddable":true,"href":"https:\/\/www.arco.org\/index.php?rest_route=%2Fwp%2Fv2%2Fcomments&post=265"}],"version-history":[{"count":0,"href":"https:\/\/www.arco.org\/index.php?rest_route=\/wp\/v2\/pages\/265\/revisions"}],"up":[{"embeddable":true,"href":"https:\/\/www.arco.org\/index.php?rest_route=\/wp\/v2\/pages\/11"}],"wp:attachment":[{"href":"https:\/\/www.arco.org\/index.php?rest_route=%2Fwp%2Fv2%2Fmedia&parent=265"}],"curies":[{"name":"wp","href":"https:\/\/api.w.org\/{rel}","templated":true}]}}