{"id":55,"date":"2016-05-27T15:19:29","date_gmt":"2016-05-27T13:19:29","guid":{"rendered":"http:\/\/arco.org\/?page_id=55"},"modified":"2026-01-16T21:59:30","modified_gmt":"2026-01-16T20:59:30","slug":"407-mandrea-s-giovanni","status":"publish","type":"page","link":"https:\/\/www.arco.org\/?page_id=55","title":{"rendered":"407 Mandrea &#8211; S.Giovanni"},"content":{"rendered":"\n<p>Numero: 407<br>Gruppo montuoso: Biaina &#8211; Casale<br>Lunghezza: 7.600 mt.<br>Dislivello: 755 mt.<br>Tempo di salita: 3 ore e 15 min.<br>Tempo di discesa: 2 ore e 45 minuti<br>Difficolt\u00e0: E Escursionistico<\/p>\n\n\n<div style=\"background-color: #ffffff; text-align: justify;\">\u00a0<\/div>\n<div style=\"background-color: #fff;\">\n<p>ITINERARIO<br \/>Mandrea Bivio 408, Bocca di Tovo Bivio 409, Bivio per il Monte Biaina, Prai di Gom Bivio 401, S.Giovanni al Monte (Marcarie).<\/p>\n<table style=\"height: 547px;\" width=\"748\">\n<tbody>\n<tr>\n<td style=\"text-align: center;\" width=\"140\"><strong><span style=\"color: #000000;\">Localit\u00e0<\/span><\/strong><\/td>\n<td style=\"text-align: center;\" width=\"64\"><strong><span style=\"color: #000000;\">Altitudine<\/span><\/strong><\/td>\n<td style=\"text-align: center;\" width=\"57\"><strong><span style=\"color: #000000;\">Distanza<\/span><\/strong><\/td>\n<td style=\"text-align: center;\" width=\"71\"><strong><span style=\"color: #000000;\">Tempo salita<\/span><\/strong><\/td>\n<td style=\"text-align: center;\" width=\"78\"><strong><span style=\"color: #000000;\">Tempo discesa<\/span><\/strong><\/td>\n<\/tr>\n<tr>\n<td width=\"140\"><strong><span style=\"color: #000000;\">Mandrea (bivio 408)<\/span><\/strong><\/td>\n<td width=\"64\"><strong><span style=\"color: #000000;\">Mt.\u00a0\u00a0\u00a0 615<\/span><\/strong><\/td>\n<td width=\"57\"><strong><span style=\"color: #000000;\">=<\/span><\/strong><\/td>\n<td width=\"71\"><strong><span style=\"color: #000000;\">=<\/span><\/strong><\/td>\n<td width=\"78\"><strong><span style=\"color: #000000;\">Ore 0.50<\/span><\/strong><\/td>\n<\/tr>\n<tr>\n<td width=\"140\"><strong><span style=\"color: #000000;\">Bocca di Tovo (bivio 409)<\/span><\/strong><\/td>\n<td width=\"64\"><strong><span style=\"color: #000000;\">Mt. 1.150<\/span><\/strong><\/td>\n<td width=\"57\"><strong><span style=\"color: #000000;\">Mt. 2.600<\/span><\/strong><\/td>\n<td width=\"71\"><strong><span style=\"color: #000000;\">Ore 1,30<\/span><\/strong><\/td>\n<td width=\"78\"><strong><span style=\"color: #000000;\">Ore 0.50<\/span><\/strong><\/td>\n<\/tr>\n<tr>\n<td width=\"140\"><strong><span style=\"color: #000000;\">Bivio per il monte Biaina<\/span><\/strong><\/td>\n<td width=\"64\"><strong><span style=\"color: #000000;\">Mt. 1.370<\/span><\/strong><\/td>\n<td width=\"57\"><strong><span style=\"color: #000000;\">Mt. 2.700<\/span><\/strong><\/td>\n<td width=\"71\"><strong><span style=\"color: #000000;\">Ore 0.50<\/span><\/strong><\/td>\n<td width=\"78\"><strong><span style=\"color: #000000;\">Ore 1.00<\/span><\/strong><\/td>\n<\/tr>\n<tr>\n<td width=\"140\"><strong><span style=\"color: #000000;\">Prai di Gom Alti<\/span><\/strong><\/td>\n<td width=\"64\"><strong><span style=\"color: #000000;\">Mt. 1.125<\/span><\/strong><\/td>\n<td width=\"57\"><strong><span style=\"color: #000000;\">Mt. 1.600<\/span><\/strong><\/td>\n<td width=\"71\"><strong><span style=\"color: #000000;\">Ore 0,40<\/span><\/strong><\/td>\n<td width=\"78\"><strong><span style=\"color: #000000;\">Ore 0.15<\/span><\/strong><\/td>\n<\/tr>\n<tr>\n<td width=\"140\"><strong><span style=\"color: #000000;\">S.Giovanni al Monte (Marcarie)<\/span><\/strong><\/td>\n<td width=\"64\"><strong><span style=\"color: #000000;\">Mt. 1.070<\/span><\/strong><\/td>\n<td width=\"57\"><strong><span style=\"color: #000000;\">Mt.\u00a0\u00a0\u00a0 700<\/span><\/strong><\/td>\n<td width=\"71\"><strong><span style=\"color: #000000;\">Ore 0,15<\/span><\/strong><\/td>\n<td width=\"78\"><strong><span style=\"color: #000000;\">=<\/span><\/strong><\/td>\n<\/tr>\n<tr>\n<td width=\"140\"><strong><span style=\"color: #000000;\">Totale<\/span><\/strong><\/td>\n<td width=\"64\"><strong><span style=\"color: #000000;\">\u00a0<\/span><\/strong><\/td>\n<td width=\"57\"><strong><span style=\"color: #000000;\">Mt. 7.600<\/span><\/strong><\/td>\n<td width=\"71\"><strong><span style=\"color: #000000;\">Ore 3,15<\/span><\/strong><\/td>\n<td width=\"78\"><strong><span style=\"color: #000000;\">Ore 2.55<\/span><\/strong><\/td>\n<\/tr>\n<\/tbody>\n<\/table>\n<p style=\"text-align: left;\">DESCRIZIONE PERCORSO<br \/>ll sentiero 407 Mandrea S.Giovanni parte da Mandr\u00e9a (mt. 620), piccola localit\u00e0 del comune arcense, che si raggiunge da Arco in circa 15 minuti in automobile con la strada provinciale Varignano\/ Padaro che sale a S. Giovanni al Monte oppure da Arco a piedi col sentiero 408 (vedi itinerario). Il percorso inizia di fronte alla prima casa a destra (tabella S.A.T.), entra nel bosco, lascia a sinistra un prato con un grosso macigno ed un \u201ctrono in legno\u201d. In salita moderata, ma continua va ad incrociare la strada forestale, che giunge dalla localit\u00e0 D\u00f2ss del Cl\u00e9f. Il sentiero entra nel bosco verso nord e corre sotto e parallelo alla forestale che si incrocia nuovamente dopo circa 800 metri. percorso svolta a sinistra, segue brevemente una traccia di strada arrivando alla sommit\u00e0 del bosco (tabella S.A.T.).<br \/>Qui, a sinistra, un sentiero senza numerazione S.A.T., ma ben segnato con i colori bianco e rosso, porta alla Croce del monte Bia\u00ecna (40\u2019). La Croce fu installata il 30\/04\/1995 da Charli Raab, Alfred Zeltsperger, amici di Rosenheim, e dalla S.A.T. di Arco. Noi invece continuiamo con il nostro sentiero che scende ripidamente nel bosco per S. Giovanni (attenzione: in caso di pioggia, dato che si snoda tutto in discesa nel bosco, diventa molto scivoloso) e, dopo circa altri 40 minuti, incrocia ancora una strada forestale in localit\u00e0 Naci\u00f2le, e in 15 minuti si arriva ad una stanga in localit\u00e0 Prai di G\u00f2m Alti incrociando l\u2019itinerario Garda-Br\u00e8nta 401. A sinistra si va in direzione G\u00f3rghi &#8211; S.Pietro, mentre proseguendo a destra si arriva in localit\u00e0 Marcar\u00ece dove termina la nostra escursione.<\/p>\n<a href=\"https:\/\/www.arco.org\/wp-content\/uploads\/2024\/09\/407.pdf\" class=\"pdfemb-viewer\" style=\"\" data-width=\"max\" data-height=\"max\"  data-toolbar=\"bottom\" data-toolbar-fixed=\"off\">407<br\/><\/a>\n<p style=\"text-align: center;\"><a href=\"https:\/\/www.komoot.com\/it-it\/tour\/1854619575?share_token=a9w3doOSx5VibUHOoHpu3yT6HbaRATM7jjtk8RAVIB2ss5ztW5&amp;ref=wtd\" target=\"_blank\" rel=\"noopener\">Visualizza il percorso con Komoot e scarica la traccia gpx<\/a><\/p>\n<\/div>\n\n\n<p><\/p>\n","protected":false},"excerpt":{"rendered":"<p>Numero: 407Gruppo montuoso: Biaina &#8211; CasaleLunghezza: 7.600 mt.Dislivello: 755 mt.Tempo di salita: 3 ore e 15 min.Tempo di discesa: 2 ore e 45 minutiDifficolt\u00e0: E Escursionistico \u00a0 ITINERARIOMandrea Bivio 408, Bocca di Tovo Bivio 409, Bivio per il Monte Biaina, Prai di Gom Bivio 401, S.Giovanni al Monte (Marcarie). Localit\u00e0 Altitudine Distanza Tempo salita Tempo &hellip; <a href=\"https:\/\/www.arco.org\/?page_id=55\" class=\"more-link\">Continua a leggere <span class=\"screen-reader-text\">407 Mandrea &#8211; S.Giovanni<\/span><\/a><\/p>\n","protected":false},"author":1,"featured_media":0,"parent":1993,"menu_order":0,"comment_status":"closed","ping_status":"closed","template":"","meta":[],"_links":{"self":[{"href":"https:\/\/www.arco.org\/index.php?rest_route=\/wp\/v2\/pages\/55"}],"collection":[{"href":"https:\/\/www.arco.org\/index.php?rest_route=\/wp\/v2\/pages"}],"about":[{"href":"https:\/\/www.arco.org\/index.php?rest_route=\/wp\/v2\/types\/page"}],"author":[{"embeddable":true,"href":"https:\/\/www.arco.org\/index.php?rest_route=\/wp\/v2\/users\/1"}],"replies":[{"embeddable":true,"href":"https:\/\/www.arco.org\/index.php?rest_route=%2Fwp%2Fv2%2Fcomments&post=55"}],"version-history":[{"count":93,"href":"https:\/\/www.arco.org\/index.php?rest_route=\/wp\/v2\/pages\/55\/revisions"}],"predecessor-version":[{"id":3095,"href":"https:\/\/www.arco.org\/index.php?rest_route=\/wp\/v2\/pages\/55\/revisions\/3095"}],"up":[{"embeddable":true,"href":"https:\/\/www.arco.org\/index.php?rest_route=\/wp\/v2\/pages\/1993"}],"wp:attachment":[{"href":"https:\/\/www.arco.org\/index.php?rest_route=%2Fwp%2Fv2%2Fmedia&parent=55"}],"curies":[{"name":"wp","href":"https:\/\/api.w.org\/{rel}","templated":true}]}}