{"id":631,"date":"2016-06-01T18:45:12","date_gmt":"2016-06-01T16:45:12","guid":{"rendered":"http:\/\/arco.org\/?page_id=631"},"modified":"2024-09-13T17:17:11","modified_gmt":"2024-09-13T15:17:11","slug":"408-arco-s-giovanni","status":"publish","type":"page","link":"https:\/\/www.arco.org\/?page_id=631","title":{"rendered":"408 Arco-S.Giovanni"},"content":{"rendered":"<div style=\"background-color: #fff;\">\n<p>Numero: 408<br \/>\nGruppo montuoso: Casale-Brento<br \/>\nLunghezza: 17.2 Km<br \/>\nDislivello: 1.509 m<br \/>\nTempo di salita: 7 ore e 0 minuti<br \/>\nTempo di discesa: 5 ore e 45 minuti<br \/>\nDifficolta&#8217;: E Escursionistico<\/p>\n<p><strong><span style=\"color: #ff0000;\">La competenza della nostra sezione arriva fino al bivio con la strada forestale che sale dalla malga di Lundo.<br \/>\nAlcune parti del sentiero sono soggette a divieto MTB<\/span><\/strong><\/p>\n<p>ITINERARIO:<br \/>\nArco, Chiesa di Laghel, bocchetta di Padaro (Salt de la Cavra), Mandrea (bivio 407), S.Antonio (bivio 428), S.Giovanni al Monte,, Baita Cargoni, Malga Val Bona (Malga Virginia), bivio 408 B, Granzoline (Baita), Duson (bivio 426), Le Quadre (bivio 411), rifugio Don Zio sul Monte Casale.<\/p>\n<\/div>\n<div style=\"background-color: #fff;\">\n<table width=\"415\">\n<tbody>\n<tr>\n<td width=\"154\"><strong><span style=\"color: #000000;\">Localit\u00e0<\/span><\/strong><\/td>\n<td width=\"57\"><strong><span style=\"color: #000000;\">Altitudine<\/span><\/strong><\/td>\n<td width=\"64\"><strong><span style=\"color: #000000;\">Distanza<\/span><\/strong><\/td>\n<td width=\"71\"><strong><span style=\"color: #000000;\">Tempo salita<\/span><\/strong><\/td>\n<td width=\"69\"><strong><span style=\"color: #000000;\">Tempo discesa<\/span><\/strong><\/td>\n<\/tr>\n<tr>\n<td width=\"154\"><strong><span style=\"color: #000000;\">Arco<\/span><\/strong><\/td>\n<td width=\"57\"><strong><span style=\"color: #000000;\">Mt. 91<\/span><\/strong><\/td>\n<td width=\"64\"><strong><span style=\"color: #000000;\">=<\/span><\/strong><\/td>\n<td width=\"71\"><strong><span style=\"color: #000000;\">0<\/span><\/strong><\/td>\n<td width=\"69\"><strong><span style=\"color: #000000;\">Ore 0.20<\/span><\/strong><\/td>\n<\/tr>\n<tr>\n<td width=\"154\"><strong><span style=\"color: #000000;\">Chiesa di Laghel<\/span><\/strong><\/td>\n<td width=\"57\"><strong><span style=\"color: #000000;\">Mt. 220<\/span><\/strong><\/td>\n<td width=\"64\"><strong><span style=\"color: #000000;\">Mt. 1.200<\/span><\/strong><\/td>\n<td width=\"71\"><strong><span style=\"color: #000000;\">Ore 0.30<\/span><\/strong><\/td>\n<td width=\"69\"><strong><span style=\"color: #000000;\">Ore 0.20<\/span><\/strong><\/td>\n<\/tr>\n<tr>\n<td width=\"154\"><strong><span style=\"color: #000000;\">Bocchetta di Padaro (Salt de la Cavra)<\/span><\/strong><\/td>\n<td width=\"57\"><strong><span style=\"color: #000000;\">Mt. 418<\/span><\/strong><\/td>\n<td width=\"64\"><strong><span style=\"color: #000000;\">Mt. 1.400<\/span><\/strong><\/td>\n<td width=\"71\"><strong><span style=\"color: #000000;\">Ore 0.30<\/span><\/strong><\/td>\n<td width=\"69\"><strong><span style=\"color: #000000;\">Ore 0.30<\/span><\/strong><\/td>\n<\/tr>\n<tr>\n<td width=\"154\"><strong><span style=\"color: #000000;\">Mandrea (bivio 407)<\/span><\/strong><\/td>\n<td width=\"57\"><strong><span style=\"color: #000000;\">Mt. 620<\/span><\/strong><\/td>\n<td width=\"64\"><strong><span style=\"color: #000000;\">Mt. 2.000<\/span><\/strong><\/td>\n<td width=\"71\"><strong><span style=\"color: #000000;\">Ore 0.40<\/span><\/strong><\/td>\n<td width=\"69\"><strong><span style=\"color: #000000;\">Ore 0.40<\/span><\/strong><\/td>\n<\/tr>\n<tr>\n<td width=\"154\"><strong><span style=\"color: #000000;\">S.Antonio (bivio 428)<\/span><\/strong><\/td>\n<td width=\"57\"><strong><span style=\"color: #000000;\">Mt. 766<\/span><\/strong><\/td>\n<td width=\"64\"><strong><span style=\"color: #000000;\">Mt. 2.300<\/span><\/strong><\/td>\n<td width=\"71\"><strong><span style=\"color: #000000;\">Ore 0.50<\/span><\/strong><\/td>\n<td width=\"69\"><strong><span style=\"color: #000000;\">Ore 0.40<\/span><\/strong><\/td>\n<\/tr>\n<tr>\n<td width=\"154\"><strong><span style=\"color: #000000;\">S.Giovanni al Monte (Cargoni)<\/span><\/strong><\/td>\n<td width=\"57\"><strong><span style=\"color: #000000;\">Mt. 1.070<\/span><\/strong><\/td>\n<td width=\"64\"><strong><span style=\"color: #000000;\">Mt. 2.400<\/span><\/strong><\/td>\n<td width=\"71\"><strong><span style=\"color: #000000;\">Ore 1.10<\/span><\/strong><\/td>\n<td width=\"69\"><strong><span style=\"color: #000000;\">Ore 0.15<\/span><\/strong><\/td>\n<\/tr>\n<tr>\n<td width=\"154\"><span style=\"color: #000000;\"><strong>Bivio con strada forestale<\/strong><\/span><\/td>\n<td width=\"57\"><span style=\"color: #000000;\"><strong>\u00a0Mt. 1.215<\/strong><\/span><\/td>\n<td width=\"64\"><span style=\"color: #000000;\"><strong>\u00a0Mt. 1.000<\/strong><\/span><\/td>\n<td width=\"71\"><span style=\"color: #000000;\"><strong>\u00a0Ore 0,20<\/strong><\/span><\/td>\n<td width=\"69\"><span style=\"color: #000000;\"><strong>\u00a0Ore 0,20<\/strong><\/span><\/td>\n<\/tr>\n<tr>\n<td width=\"154\"><span style=\"color: #000000;\"><strong>Malga Val Bona (Malga Virginia)<\/strong><\/span><\/td>\n<td width=\"57\"><span style=\"color: #000000;\"><strong>Mt. 1.273<\/strong><\/span><\/td>\n<td width=\"64\"><span style=\"color: #000000;\"><strong>Mt. 3.300<\/strong><\/span><\/td>\n<td width=\"71\"><span style=\"color: #000000;\"><strong>Ore 1.10<\/strong><\/span><\/td>\n<td width=\"69\"><span style=\"color: #000000;\"><strong>Ore 0.15<\/strong><\/span><\/td>\n<\/tr>\n<tr>\n<td width=\"154\"><span style=\"color: #000000;\"><strong>Bivio 408 B<\/strong><\/span><\/td>\n<td width=\"57\"><span style=\"color: #000000;\"><strong>Mt. 1.365<\/strong><\/span><\/td>\n<td width=\"64\"><span style=\"color: #000000;\"><strong>Mt. 700<\/strong><\/span><\/td>\n<td width=\"71\"><span style=\"color: #000000;\"><strong>Ore 0.20<\/strong><\/span><\/td>\n<td width=\"69\"><span style=\"color: #000000;\"><strong>Ore 0.15<\/strong><\/span><\/td>\n<\/tr>\n<tr>\n<td width=\"154\"><span style=\"color: #000000;\"><strong>Granzoline (Baita)<\/strong><\/span><\/td>\n<td width=\"57\"><span style=\"color: #000000;\"><strong>Mt. 1.485<\/strong><\/span><\/td>\n<td width=\"64\"><span style=\"color: #000000;\"><strong>Mt. 600<\/strong><\/span><\/td>\n<td width=\"71\"><span style=\"color: #000000;\"><strong>Ore 0.20<\/strong><\/span><\/td>\n<td width=\"69\"><span style=\"color: #000000;\"><strong>Ore 0.40<\/strong><\/span><\/td>\n<\/tr>\n<tr>\n<td width=\"154\"><span style=\"color: #000000;\"><strong>Duson (bivio 426)<\/strong><\/span><\/td>\n<td width=\"57\"><span style=\"color: #000000;\"><strong>Mt. 1.370<\/strong><\/span><\/td>\n<td width=\"64\"><span style=\"color: #000000;\"><strong>Mt. 1.100<\/strong><\/span><\/td>\n<td width=\"71\"><span style=\"color: #000000;\"><strong>Ore 0.35<\/strong><\/span><\/td>\n<td width=\"69\"><span style=\"color: #000000;\"><strong>Ore 0.15<\/strong><\/span><\/td>\n<\/tr>\n<tr>\n<td width=\"154\"><span style=\"color: #000000;\"><strong>Le Quadre (Bivio 411)<\/strong><\/span><\/td>\n<td width=\"57\"><span style=\"color: #000000;\"><strong>Mt. 1.481<\/strong><\/span><\/td>\n<td width=\"64\"><span style=\"color: #000000;\"><strong>Mt. 500<\/strong><\/span><\/td>\n<td width=\"71\"><span style=\"color: #000000;\"><strong>Ore 0.20<\/strong><\/span><\/td>\n<td width=\"69\"><span style=\"color: #000000;\"><strong>Ore 0.15<\/strong><\/span><\/td>\n<\/tr>\n<tr>\n<td width=\"154\"><span style=\"color: #000000;\"><strong>Rifugio Don Zio (monte Casale)<\/strong><\/span><\/td>\n<td width=\"57\"><span style=\"color: #000000;\"><strong>Mt. 1.600<\/strong><\/span><\/td>\n<td width=\"64\"><span style=\"color: #000000;\"><strong>Mt. 1.000<\/strong><\/span><\/td>\n<td width=\"71\"><span style=\"color: #000000;\"><strong>Ore 0.20<\/strong><\/span><\/td>\n<td width=\"69\"><span style=\"color: #000000;\"><strong>0<\/strong><\/span><\/td>\n<\/tr>\n<tr>\n<td width=\"154\"><span style=\"color: #000000;\"><strong>Totale<\/strong><\/span><\/td>\n<td width=\"57\"><span style=\"color: #000000;\"><strong>\u00a0<\/strong><\/span><\/td>\n<td width=\"64\"><span style=\"color: #000000;\"><strong>Mt. 17.200<\/strong><\/span><\/td>\n<td width=\"71\"><span style=\"color: #000000;\"><strong>Ore 7.05<\/strong><\/span><\/td>\n<td width=\"69\"><span style=\"color: #000000;\"><strong>Ore 5.35<\/strong><\/span><\/td>\n<\/tr>\n<\/tbody>\n<\/table>\n<\/div>\n<div><\/div>\n<div>\n<p>DESCRIZIONE PERCORSO:<br \/>\nDa Arco ai piedi del castello si sale per via Fossa Grande costeggiando le antiche mura di Arco, dove nel bellissimo parco Arciducale si trova l&#8217;Arboreto ricco di piante tipiche della flora subtropicale. Si continua per la via Crucis, con i suoi 13 capitelli con all\u2019interno sculture in legno d\u2019intaglio della val Gardena e percorrendo la stupenda olivaia di Arco si raggiunge la localit\u00e0 Laghel con il Santuario della Madonna Maria del 1721 , rimesso a nuovo nel 1991, da cui parte il sentiero 431 per il monte Colodri. Il nostro itinerario segue invece la strada asfaltata subito sulla sinistra in salita, fra campagne, vigneti e oliveti per circa 1 km e prima di una grande e bella casa (ex villa Genova) il sentiero sale a sx nel bosco incrociando dopo circa 15 minuti a sinistra il bivio per la cima Baone.<br \/>\nSi prosegue a destra arrivando ad un traliccio (Palom) Enel. Da qui si pu\u00f2 girare a sinistra e in circa 15 minuti si arriva a Padaro. Si prosegue invece a destra, si percorre un tratto nel bosco superando il &#8220;salt de la cavra&#8221; , si costeggia il crinale della montagna con splendida vista sulla valletta di Laghel e sullo Stivo e si arriva ad una cava dismessa, si scende leggermente e poi si prosegue a dx per Mandrea seguendo la vecchia strada.<br \/>\nSi incrocia la strada asfaltata che sale da Varignano per S. Giovanni al Monte, si lascia a sx la partenza del sentiero 407 e si continua a seguire la strada asfaltata per circa 500 metri, nei pressi di una curva a 90 \u00b0 si gira a sinistra seguendo una strada sterrata, si entra nel bosco fino ad incrociare la strada forestale che sale dal Doss del Clef, si scende sullaforestale fino ad incontrare la strada asfaltata che si segue a sinistra per circa 500 mt., si incrocia a destra il bivio con il sentiero 428 che proviene dagli Scaloni, si sale la &#8220;pontera&#8221; arrivando al capitello di S. Antonio , fra faggi e bosco si arriva in localit\u00e0 Semonte e alle prime case di S. Giovanni e poi al ristorante Malga di S. Giovanni (attenzione non aspettatevi la malga con le mucche).<br \/>\nQuesto sentiero serviva ai proprietari di Arco per salire alle loro case estive fino alla fine anni 60 prima della costruzione della attuale strada asfaltata. Dopo la Malga si gira a sx, sulla strada asfaltata, si supera una grande fontana a destra e poi seguendo brevemente la strada asfaltata il sentiero arriva al bivio per baita Cargoni. Questo punto \u00e8 raggiungibile con l&#8217;automobile da Arco in circa 30 minuti pertanto se si desidera arrivare al rifugio don Zio partendo da qui si possono risparmiare circa 3 ore.<br \/>\nIn 15 minuti si raggiunge baita Cargoni e seguendo le indicazioni si arriva al bivio con la strada forestale che sale dalla malga di Lundo in circa 20 minuti. Si gira a destra e si segue ancora la strada fino in localit\u00e0 Cadregon dove si entra a sinistra nel bosco e in circa 15 minuti si arriva alla Malga Valbona o della Virginia.\u00a0Alla malga Valbona o della Virginia la valle si apre con uno stupendo panorama verso il Car\u00e8 Alto, Adamello, Presanella e gruppo del Brenta. Il sentiero sale sui prati lasciando a destra la malga, incontra una strada forestale e gira ancora a dx.<\/p>\n<p><span style=\"text-decoration: underline;\">In alternativa,<\/span> per evitare il sentiero che percorre la cresta, quando si incontra la forestale si pu\u00f2 seguire diritto e in circa 1 ora si riprender\u00e0 il nostro sentiero nei pressi del bivio con il sentiero del Rampin, risparmiando la salita pi\u00f9 dura ma perdendo la vista sulla valle dei laghi.<\/p>\n<p>Seguendo la strada forestale si incrocia a destra il sentiero 408 bis che scende dal monte Brento in localit\u00e0 malga Valbona Alta (tabella S.A.T.). Si entra a sx in un fitto bosco di conifere, si sale ripidamente fino a raggiungere la stupenda zona di Granzoline (bellissima baita e magnifica fioritura in giugno). Si continua sui prati e in cresta con panorama sulla Val del Sarca, si incrocia il sentiero 426 o &#8220;Sentiero del Rampin&#8221; che sale da Godenzo e scende a Pietramurata. Si continua per circa 15 minuti dove il nostro sentiero termina al bivio con il sentiero 411 che sale da Comano. In altri 10 minuti si arriva al rifugio don Zio e in altri 5 alla cima del monte Casale a mt. 1.632.<br \/>\nE&#8217; il sentiero pi\u00f9 lungo della nostra sezione e solitamente per raggiungere il rif. don Zio si sale direttamente in macchina a S.Giovanni da cui si prosegue seguendo il sentiero descritto.<\/p>\n<a href=\"https:\/\/www.arco.org\/wp-content\/uploads\/2024\/09\/4082.pdf\" class=\"pdfemb-viewer\" style=\"\" data-width=\"max\" data-height=\"max\"  data-toolbar=\"bottom\" data-toolbar-fixed=\"off\">408:2<br\/><\/a>\n<p>Prima parte<\/p>\n<a href=\"https:\/\/www.arco.org\/wp-content\/uploads\/2024\/09\/4081.pdf\" class=\"pdfemb-viewer\" style=\"\" data-width=\"max\" data-height=\"max\"  data-toolbar=\"bottom\" data-toolbar-fixed=\"off\">408:1<br\/><\/a>\n<\/div>\n<p>Seconda parte<\/p>\n<div>\n<p style=\"text-align: center;\"><a href=\"https:\/\/www.komoot.com\/it-it\/tour\/1854792332?share_token=a6BHalmSbwTii7BrH1ykpAY9j46cCtGuNz5Yo9DNivTry5D90L&amp;ref=wtd\" target=\"_blank\" rel=\"noopener\">Visualizza il percorso con Komoot e scarica la traccia gpx della prima parte<\/a><\/p>\n<\/div>\n","protected":false},"excerpt":{"rendered":"<p>Numero: 408 Gruppo montuoso: Casale-Brento Lunghezza: 17.2 Km Dislivello: 1.509 m Tempo di salita: 7 ore e 0 minuti Tempo di discesa: 5 ore e 45 minuti Difficolta&#8217;: E Escursionistico La competenza della nostra sezione arriva fino al bivio con la strada forestale che sale dalla malga di Lundo. Alcune parti del sentiero sono soggette &hellip; <a href=\"https:\/\/www.arco.org\/?page_id=631\" class=\"more-link\">Continua a leggere <span class=\"screen-reader-text\">408 Arco-S.Giovanni<\/span><\/a><\/p>\n","protected":false},"author":1,"featured_media":0,"parent":52,"menu_order":0,"comment_status":"closed","ping_status":"closed","template":"","meta":[],"_links":{"self":[{"href":"https:\/\/www.arco.org\/index.php?rest_route=\/wp\/v2\/pages\/631"}],"collection":[{"href":"https:\/\/www.arco.org\/index.php?rest_route=\/wp\/v2\/pages"}],"about":[{"href":"https:\/\/www.arco.org\/index.php?rest_route=\/wp\/v2\/types\/page"}],"author":[{"embeddable":true,"href":"https:\/\/www.arco.org\/index.php?rest_route=\/wp\/v2\/users\/1"}],"replies":[{"embeddable":true,"href":"https:\/\/www.arco.org\/index.php?rest_route=%2Fwp%2Fv2%2Fcomments&post=631"}],"version-history":[{"count":46,"href":"https:\/\/www.arco.org\/index.php?rest_route=\/wp\/v2\/pages\/631\/revisions"}],"predecessor-version":[{"id":2649,"href":"https:\/\/www.arco.org\/index.php?rest_route=\/wp\/v2\/pages\/631\/revisions\/2649"}],"up":[{"embeddable":true,"href":"https:\/\/www.arco.org\/index.php?rest_route=\/wp\/v2\/pages\/52"}],"wp:attachment":[{"href":"https:\/\/www.arco.org\/index.php?rest_route=%2Fwp%2Fv2%2Fmedia&parent=631"}],"curies":[{"name":"wp","href":"https:\/\/api.w.org\/{rel}","templated":true}]}}