{"id":889,"date":"2016-06-07T14:39:47","date_gmt":"2016-06-07T12:39:47","guid":{"rendered":"http:\/\/arco.org\/?page_id=889"},"modified":"2024-09-13T17:37:03","modified_gmt":"2024-09-13T15:37:03","slug":"408b-s-giovanni-malga-valbona-alta","status":"publish","type":"page","link":"https:\/\/www.arco.org\/?page_id=889","title":{"rendered":"408B S.Giovanni-Malga Valbona Alta"},"content":{"rendered":"<p>Numero: 408B<br \/>\nGruppo montuoso: Casale &#8211; Brento<br \/>\nLunghezza: 4,9 km<br \/>\nDislivello: 180 mt.<br \/>\nTempo di salita: 2 ore e 20 minuti<br \/>\nTempo di discesa: 2 ore e 5 minuti<br \/>\nDifficolt\u00e0:\u00a0 E Escursionistico<\/p>\n<p>ITINERARIO<br \/>\nBaita Cargoni, Cima Brento, Pra&#8217; dei Muci, malga Valbona Alta bivio 408.<\/p>\n<table width=\"381\">\n<tbody>\n<tr>\n<td width=\"133\"><span style=\"color: #000000;\"><strong>Itinerario<\/strong><\/span><\/td>\n<td width=\"57\"><span style=\"color: #000000;\"><strong>Altitudine<\/strong><\/span><\/td>\n<td width=\"57\"><span style=\"color: #000000;\"><strong>Distanza<\/strong><\/span><\/td>\n<td width=\"64\"><span style=\"color: #000000;\"><strong>Tempo salita<\/strong><\/span><\/td>\n<td width=\"71\"><span style=\"color: #000000;\"><strong>Tempo discesa<\/strong><\/span><\/td>\n<\/tr>\n<tr>\n<td width=\"133\"><\/td>\n<td width=\"57\"><\/td>\n<td width=\"57\"><\/td>\n<td width=\"64\"><\/td>\n<td width=\"71\"><\/td>\n<\/tr>\n<tr>\n<td width=\"133\"><span style=\"color: #000000;\"><strong>Baita Cargoni<\/strong><\/span><\/td>\n<td width=\"57\"><span style=\"color: #000000;\"><strong>Mt. 1.185<\/strong><\/span><\/td>\n<td width=\"57\"><span style=\"color: #000000;\"><strong>=<\/strong><\/span><\/td>\n<td width=\"64\"><span style=\"color: #000000;\"><b>=<\/b><\/span><\/td>\n<td width=\"71\"><span style=\"color: #000000;\"><strong>Ore 0.50<\/strong><\/span><\/td>\n<\/tr>\n<tr>\n<td width=\"133\"><span style=\"color: #000000;\"><strong>Cima Brento<\/strong><\/span><\/td>\n<td width=\"57\"><span style=\"color: #000000;\"><strong>Mt. 1.545<\/strong><\/span><\/td>\n<td width=\"57\"><span style=\"color: #000000;\"><strong>Mt. 2.500<\/strong><\/span><\/td>\n<td width=\"64\"><span style=\"color: #000000;\"><strong>Ore 1,20<\/strong><\/span><\/td>\n<td width=\"71\"><span style=\"color: #000000;\"><strong>Ore 0.45<\/strong><\/span><\/td>\n<\/tr>\n<tr>\n<td width=\"133\"><span style=\"color: #000000;\"><strong>Pr\u00e0 dei Muci<\/strong><\/span><\/td>\n<td width=\"57\"><span style=\"color: #000000;\"><strong>Mt. 1.450<\/strong><\/span><\/td>\n<td width=\"57\"><span style=\"color: #000000;\"><strong>Mt.\u00a0\u00a0\u00a0 800<\/strong><\/span><\/td>\n<td width=\"64\"><span style=\"color: #000000;\"><strong>Ore 0,40<\/strong><\/span><\/td>\n<td width=\"71\"><span style=\"color: #000000;\"><strong>Ore 0.30<\/strong><\/span><\/td>\n<\/tr>\n<tr>\n<td width=\"133\"><span style=\"color: #000000;\"><strong>Malga Valbona Alta bivio 408<\/strong><\/span><\/td>\n<td width=\"57\"><span style=\"color: #000000;\"><strong>Mt. 1.365<\/strong><\/span><\/td>\n<td width=\"57\"><span style=\"color: #000000;\"><strong>Mt. 1.600<\/strong><\/span><\/td>\n<td width=\"64\"><span style=\"color: #000000;\"><strong>Ore 0,20<\/strong><\/span><\/td>\n<td width=\"71\"><span style=\"color: #000000;\"><strong>=<\/strong><\/span><\/td>\n<\/tr>\n<tr>\n<td width=\"133\"><span style=\"color: #000000;\"><strong>Totale<\/strong><\/span><\/td>\n<td width=\"57\"><span style=\"color: #000000;\"><strong>\u00a0<\/strong><\/span><\/td>\n<td width=\"57\"><span style=\"color: #000000;\"><strong>Mt. 4.900<\/strong><\/span><\/td>\n<td width=\"64\"><span style=\"color: #000000;\"><strong>Ore 2,20<\/strong><\/span><\/td>\n<td width=\"71\"><span style=\"color: #000000;\"><strong>Ore 2.05<\/strong><\/span><\/td>\n<\/tr>\n<\/tbody>\n<\/table>\n<p>DESCRIZIONE PERCORSO<br \/>\nRaggiunta baita Cargoni (in gestione alla sezione S.A.T. di Arco) da s.Giovanni al Monte \u00a0si continua con la strada forestale e si supera immediatamente una stanga. Al bivio successivo, nei pressi della sorgente di acqua*, si continua diritti in un magnifico bosco di faggi e conifere e dopo circa 20 minuti si incontra un\u2019altra stanga forestale, si continua fino ad incrociare a sinistra la strada che scende alla malga Valbona e a destra sale alla malga Bepini.<\/p>\n<p>*Alternativa: se invece al bivio prima della sorgente si segue la forestale a destra e al bivio successivo si gira a sinistra si arriva ad incrociare pi\u00f9 avanti lo stesso nostro sentiero ma si allunga il percorso di circa 5 minuti.<\/p>\n<p>Si entra immediatamente nel bosco a destra percorrendo una strada sterrata fino a prendere a sinistra il sentiero che si sviluppa in un \u201ctovo\u201d breve ma abbastanza ripido e che ci porter\u00e0 nei pressi di una fontanella con acqua (poza dela mola). Si gira a sinistra ancora nel \u201ctovo\u201d, si continua arrivando al culmine della valletta e in 5 minuti in cima al monte Brento. Il comitato Capitelli di Arco, Comune di Arco, Scout Agesci di Arco e alcuni volontari il 29 Ottobre 1988 hanno installato sul monte Brento una croce in legno. Il 25 Ottobre 1997 \u00e8 stata sostituita la croce a ricordo di Giovanni Stefenelli (un amico della montagna).<br \/>\nQui si apre una stupenda balconata sul lago di Garda, sui laghi di Santa Massenza e Toblino, sulle le cime del Brenta, sullo Stivo, sulla Val del Sarca e delle Giudicarie. Il sentiero scende fra facile roccette sempre in cresta verso nord e verso il &#8220;pra dei muci&#8221; (nei pressi della postazione di lancio per il base jumping del Becco d\u2019Aquila) alla fine del quale, nuovamente in discesa, entra a destra nel bosco (qui prestare attenzione per non perdere il sentiero) fino ad incrociare il sentiero 408 che sale da malga Valbona.<\/p>\n<p>Note:<br \/>\nPerch\u00e8 &#8220;pra dei muci&#8221;: una leggenda vuole che un montanaro non volle scendere dal monte per la festa dell&#8217;Assunta e stette lass\u00f9 ad abbarcare il fieno che per\u00f2 durante la notte si tramut\u00f2 in mucchi di terra. I curiosi cumuli (muci) sono visibili in un prato del Vendesi (Monte Casale).<br \/>\nTratto da \u201cLe valli del trentino\u201d di Aldo Gorfer.<\/p>\n<a href=\"https:\/\/www.arco.org\/wp-content\/uploads\/2024\/09\/408B.pdf\" class=\"pdfemb-viewer\" style=\"\" data-width=\"max\" data-height=\"max\"  data-toolbar=\"bottom\" data-toolbar-fixed=\"off\">408B<br\/><\/a>\n<p style=\"text-align: center;\"><a href=\"https:\/\/www.komoot.com\/it-it\/tour\/1857650475?share_token=art08097nuIN8Uftk66hMvb7f61Bm35JE4RkopRQZibnRcdjiZ&amp;ref=wtd\">Visualizza il percorso in Komoot e scarica il file gpx<\/a><\/p>\n<div style=\"background-color: #fff;\"><\/div>\n<div style=\"background-color: #fff;\">\n<div style=\"margin: -4px 0 0 5px; height: 16px; color: #000; font-family: sans-serif; font-size: 12px;\"><\/div>\n<\/div>\n","protected":false},"excerpt":{"rendered":"<p>Numero: 408B Gruppo montuoso: Casale &#8211; Brento Lunghezza: 4,9 km Dislivello: 180 mt. Tempo di salita: 2 ore e 20 minuti Tempo di discesa: 2 ore e 5 minuti Difficolt\u00e0:\u00a0 E Escursionistico ITINERARIO Baita Cargoni, Cima Brento, Pra&#8217; dei Muci, malga Valbona Alta bivio 408. Itinerario Altitudine Distanza Tempo salita Tempo discesa Baita Cargoni Mt. &hellip; <a href=\"https:\/\/www.arco.org\/?page_id=889\" class=\"more-link\">Continua a leggere <span class=\"screen-reader-text\">408B S.Giovanni-Malga Valbona Alta<\/span><\/a><\/p>\n","protected":false},"author":1,"featured_media":0,"parent":52,"menu_order":0,"comment_status":"closed","ping_status":"closed","template":"","meta":[],"_links":{"self":[{"href":"https:\/\/www.arco.org\/index.php?rest_route=\/wp\/v2\/pages\/889"}],"collection":[{"href":"https:\/\/www.arco.org\/index.php?rest_route=\/wp\/v2\/pages"}],"about":[{"href":"https:\/\/www.arco.org\/index.php?rest_route=\/wp\/v2\/types\/page"}],"author":[{"embeddable":true,"href":"https:\/\/www.arco.org\/index.php?rest_route=\/wp\/v2\/users\/1"}],"replies":[{"embeddable":true,"href":"https:\/\/www.arco.org\/index.php?rest_route=%2Fwp%2Fv2%2Fcomments&post=889"}],"version-history":[{"count":26,"href":"https:\/\/www.arco.org\/index.php?rest_route=\/wp\/v2\/pages\/889\/revisions"}],"predecessor-version":[{"id":2664,"href":"https:\/\/www.arco.org\/index.php?rest_route=\/wp\/v2\/pages\/889\/revisions\/2664"}],"up":[{"embeddable":true,"href":"https:\/\/www.arco.org\/index.php?rest_route=\/wp\/v2\/pages\/52"}],"wp:attachment":[{"href":"https:\/\/www.arco.org\/index.php?rest_route=%2Fwp%2Fv2%2Fmedia&parent=889"}],"curies":[{"name":"wp","href":"https:\/\/api.w.org\/{rel}","templated":true}]}}